{"id":989528,"date":"2025-03-20T12:43:43","date_gmt":"2025-03-20T09:43:43","guid":{"rendered":"https:\/\/mobila.md\/product\/\/"},"modified":"2026-01-20T17:22:21","modified_gmt":"2026-01-20T14:22:21","slug":"canapeaua-nova-new","status":"publish","type":"product","link":"https:\/\/mobila.md\/ru\/product\/canapeaua-nova-new\/","title":{"rendered":"Canapeaua Nova New"},"content":{"rendered":"<div class=\"vgblk-rw-wrapper limit-wrapper\">\n<p class=\"\" data-start=\"349\" data-end=\"694\"><strong data-start=\"349\" data-end=\"371\">Canapeaua Nova New<\/strong> este alegerea ideal\u0103 pentru interioare moderne \u0219i sofisticate, \u00eembin\u00e2nd designul contemporan cu func\u021bionalitatea. Cu un aspect minimalist \u0219i linii elegante, <strong data-start=\"529\" data-end=\"551\">canapeaua Nova New<\/strong> se remarc\u0103 prin rafinament \u0219i confort. Pernele sale moi ofer\u0103 suport optim, transform\u00e2nd fiecare moment de relaxare \u00eentr-o experien\u021b\u0103 pl\u0103cut\u0103.<\/p>\n<p class=\"\" data-start=\"696\" data-end=\"944\">Realizat\u0103 din materiale premium, aceast\u0103 canapea este complet personalizabil\u0103, fiind disponibil\u0103 \u00eentr-o gam\u0103 variat\u0103 de texturi \u0219i culori. Picioarele sale robuste, cu un design modern, asigur\u0103 stabilitate \u0219i completeaz\u0103 aspectul s\u0103u elegant.<\/p>\n<p class=\"\" data-start=\"1112\" data-end=\"1364\">Modelul este ideal pentru livinguri spa\u021bioase, apartamente moderne sau spa\u021bii de birou amenajate cu aten\u021bie la detalii. Liniile sale simple permit integrarea u\u0219oar\u0103 \u00een diferite stiluri de decor \u2013 de la scandinav, industrial, la minimalist sau eclectic.<\/p>\n<p class=\"\" data-start=\"1366\" data-end=\"1601\">Structura este realizat\u0103 pe cadru din lemn masiv, ceea ce ofer\u0103 o durabilitate sporit\u0103. Tapi\u021beria poate fi aleas\u0103 din materiale precum stofe dense, catifea matasoas\u0103 sau piele ecologic\u0103, toate u\u0219or de \u00eentre\u021binut \u0219i pl\u0103cute la atingere.<\/p>\n<p class=\"\" data-start=\"1603\" data-end=\"1901\">Designul modular \u0219i propor\u021biile echilibrate permit o a\u0219ezare ergonomic\u0103. Sp\u0103tarul \u0219i \u0219ezutul sunt construite astfel \u00eenc\u00e2t s\u0103 ofere sus\u021binere corect\u0103 pentru spate \u0219i relaxare de lung\u0103 durat\u0103. Elementele laterale pot fi personalizate \u00een func\u021bie de preferin\u021bele func\u021bionale \u0219i estetice ale clientului.<\/p>\n<p class=\"\" data-start=\"1903\" data-end=\"2049\"><strong data-start=\"1903\" data-end=\"1925\">Canapeaua Nova New<\/strong> devine astfel nu doar un obiect de mobilier func\u021bional, ci o expresie a stilului personal, perfect adaptat\u0103 vie\u021bii moderne.<\/p>\n<h3 style=\"text-align: center\"><span style=\"color: #ff0000\">Costurile pot varia \u00een func\u021bie de configuratie \u0219i \u021bes\u0103turi<\/span><\/h3>\n<p style=\"text-align: center\"><a class=\"solicitat-oferta\" href=\"#popmake-989604\">Solicit\u0103<\/a><\/p>\n<p><img data-opt-id=305728281  fetchpriority=\"high\" decoding=\"async\" class=\"aligncenter size-full wp-image-989529\" src=\"https:\/\/mlob4660sih2.i.optimole.com\/cb:hB7A.2a1\/w:auto\/h:auto\/q:mauto\/f:best\/https:\/\/mobila.md\/wp-content\/uploads\/2025\/03\/nova-new-1-1024x623-2.png\" alt=\"\" width=\"1024\" height=\"623\" srcset=\"https:\/\/mlob4660sih2.i.optimole.com\/cb:hB7A.2a1\/w:1024\/h:623\/q:mauto\/f:best\/https:\/\/mobila.md\/wp-content\/uploads\/2025\/03\/nova-new-1-1024x623-2.png 1024w, https:\/\/mlob4660sih2.i.optimole.com\/cb:hB7A.2a1\/w:300\/h:183\/q:mauto\/f:best\/https:\/\/mobila.md\/wp-content\/uploads\/2025\/03\/nova-new-1-1024x623-2.png 300w, https:\/\/mlob4660sih2.i.optimole.com\/cb:hB7A.2a1\/w:768\/h:467\/q:mauto\/f:best\/https:\/\/mobila.md\/wp-content\/uploads\/2025\/03\/nova-new-1-1024x623-2.png 768w, https:\/\/mlob4660sih2.i.optimole.com\/cb:hB7A.2a1\/w:866\/h:527\/q:mauto\/f:best\/https:\/\/mobila.md\/wp-content\/uploads\/2025\/03\/nova-new-1-1024x623-2.png 866w, https:\/\/mlob4660sih2.i.optimole.com\/cb:hB7A.2a1\/w:64\/h:39\/q:mauto\/f:best\/dpr:2\/https:\/\/mobila.md\/wp-content\/uploads\/2025\/03\/nova-new-1-1024x623-2.png 64w\" sizes=\"(max-width: 1024px) 100vw, 1024px\" \/><\/p>\n<\/div>\n<p><!-- .vgblk-rw-wrapper --><\/p>\n","protected":false},"excerpt":{"rendered":"<p>Canapeaua Nova New este alegerea ideal\u0103 pentru interioare moderne \u0219i sofisticate, \u00eembin\u00e2nd designul contemporan cu func\u021bionalitatea. Cu un aspect minimalist \u0219i linii elegante, canapeaua Nova New se remarc\u0103 prin rafinament \u0219i confort. Pernele sale moi ofer\u0103 suport optim, transform\u00e2nd fiecare moment de relaxare \u00eentr-o experien\u021b\u0103 pl\u0103cut\u0103. Realizat\u0103 din materiale premium, aceast\u0103 canapea este complet personalizabil\u0103,&#8230;<\/p>\n","protected":false},"featured_media":989530,"template":"","meta":[],"product_brand":[],"product_cat":[173],"product_tag":[],"class_list":{"0":"post-989528","1":"product","2":"type-product","3":"status-publish","4":"has-post-thumbnail","6":"product_cat-sofas","8":"first","9":"instock","10":"shipping-taxable","11":"product-type-simple"},"yoast_head":"<!-- This site is optimized with the Yoast SEO Premium plugin v24.7 (Yoast SEO v26.9) - https:\/\/yoast.com\/product\/yoast-seo-premium-wordpress\/ -->\n<title>Canapeaua Nova New \u2013 Design Modern \u0219i Confort Personalizat<\/title>\n<meta name=\"description\" content=\"Canapeaua Nova New \u2013 elegan\u021b\u0103 modern\u0103, personalizare complet\u0103 \u0219i materiale premium. Ideal\u0103 pentru interioare rafinate, contemporane \u0219i minimaliste.\" \/>\n<meta name=\"robots\" content=\"index, follow, max-snippet:-1, max-image-preview:large, max-video-preview:-1\" \/>\n<link rel=\"canonical\" href=\"http:\/\/Canapeaua%20Nova%20New%20este%20alegerea%20ideal\u0103%20pentru%20interioare%20moderne%20\u0219i%20sofisticate,%20\u00eembin\u00e2nd%20designul%20contemporan%20cu%20func\u021bionalitatea.%20Cu%20un%20aspect%20minimalist%20\u0219i%20linii%20elegante,%20canapeaua%20Nova%20New%20se%20remarc\u0103%20prin%20rafinament%20\u0219i%20confort.%20Pernele%20sale%20moi%20ofer\u0103%20suport%20optim,%20transform\u00e2nd%20fiecare%20moment%20de%20relaxare%20\u00eentr-o%20experien\u021b\u0103%20pl\u0103cut\u0103.Realizat\u0103%20din%20materiale%20premium,%20aceast\u0103%20canapea%20este%20complet%20personalizabil\u0103,%20fiind&hellip;\" \/>\n<meta property=\"og:locale\" content=\"ru_RU\" \/>\n<meta property=\"og:type\" content=\"article\" \/>\n<meta property=\"og:title\" content=\"Canapeaua Nova New \u2013 Design Modern \u0219i Confort Personalizat\" \/>\n<meta property=\"og:description\" content=\"Canapeaua Nova New \u2013 elegan\u021b\u0103 modern\u0103, personalizare complet\u0103 \u0219i materiale premium. Ideal\u0103 pentru interioare rafinate, contemporane \u0219i minimaliste.\" \/>\n<meta property=\"og:url\" content=\"https:\/\/mobila.md\/ru\/product\/canapeaua-nova-new\/\" \/>\n<meta property=\"og:site_name\" content=\"ERGOLEMN\" \/>\n<meta property=\"article:publisher\" content=\"https:\/\/www.facebook.com\/ergolemn?locale=ru_RU\" \/>\n<meta property=\"article:modified_time\" content=\"2026-01-20T14:22:21+00:00\" \/>\n<meta property=\"og:image\" content=\"https:\/\/mlob4660sih2.i.optimole.com\/cb:hB7A.2a1\/w:auto\/h:auto\/q:mauto\/f:best\/https:\/\/mobila.md\/wp-content\/uploads\/2025\/03\/Canapea-Nova-New-2-1.jpg\" \/>\n\t<meta property=\"og:image:width\" content=\"2000\" \/>\n\t<meta property=\"og:image:height\" content=\"1333\" \/>\n\t<meta property=\"og:image:type\" content=\"image\/jpeg\" \/>\n<meta name=\"twitter:card\" content=\"summary_large_image\" \/>\n<meta name=\"twitter:label1\" content=\"\u041f\u0440\u0438\u043c\u0435\u0440\u043d\u043e\u0435 \u0432\u0440\u0435\u043c\u044f \u0434\u043b\u044f \u0447\u0442\u0435\u043d\u0438\u044f\" \/>\n\t<meta name=\"twitter:data1\" content=\"2 \u043c\u0438\u043d\u0443\u0442\u044b\" \/>\n<script type=\"application\/ld+json\" class=\"yoast-schema-graph\">{\"@context\":\"https:\/\/schema.org\",\"@graph\":[{\"@type\":\"WebPage\",\"@id\":\"https:\/\/mobila.md\/ru\/product\/canapeaua-nova-new\/\",\"url\":\"https:\/\/mobila.md\/ru\/product\/canapeaua-nova-new\/\",\"name\":\"Canapeaua Nova New \u2013 Design Modern \u0219i Confort Personalizat\",\"isPartOf\":{\"@id\":\"https:\/\/mobila.md\/#website\"},\"primaryImageOfPage\":{\"@id\":\"https:\/\/mobila.md\/ru\/product\/canapeaua-nova-new\/#primaryimage\"},\"image\":{\"@id\":\"https:\/\/mobila.md\/ru\/product\/canapeaua-nova-new\/#primaryimage\"},\"thumbnailUrl\":\"https:\/\/mlob4660sih2.i.optimole.com\/cb:hB7A.2a1\/w:auto\/h:auto\/q:mauto\/f:best\/https:\/\/mobila.md\/wp-content\/uploads\/2025\/03\/Canapea-Nova-New-2-1.jpg\",\"datePublished\":\"2025-03-20T09:43:43+00:00\",\"dateModified\":\"2026-01-20T14:22:21+00:00\",\"description\":\"Canapeaua Nova New \u2013 elegan\u021b\u0103 modern\u0103, personalizare complet\u0103 \u0219i materiale premium. Ideal\u0103 pentru interioare rafinate, contemporane \u0219i minimaliste.\",\"breadcrumb\":{\"@id\":\"https:\/\/mobila.md\/ru\/product\/canapeaua-nova-new\/#breadcrumb\"},\"inLanguage\":\"ru-RU\",\"potentialAction\":[{\"@type\":\"ReadAction\",\"target\":[\"https:\/\/mobila.md\/ru\/product\/canapeaua-nova-new\/\"]}]},{\"@type\":\"ImageObject\",\"inLanguage\":\"ru-RU\",\"@id\":\"https:\/\/mobila.md\/ru\/product\/canapeaua-nova-new\/#primaryimage\",\"url\":\"https:\/\/mlob4660sih2.i.optimole.com\/cb:hB7A.2a1\/w:auto\/h:auto\/q:mauto\/f:best\/https:\/\/mobila.md\/wp-content\/uploads\/2025\/03\/Canapea-Nova-New-2-1.jpg\",\"contentUrl\":\"https:\/\/mlob4660sih2.i.optimole.com\/cb:hB7A.2a1\/w:auto\/h:auto\/q:mauto\/f:best\/https:\/\/mobila.md\/wp-content\/uploads\/2025\/03\/Canapea-Nova-New-2-1.jpg\",\"width\":2000,\"height\":1333,\"caption\":\"canapeaua nova new\"},{\"@type\":\"BreadcrumbList\",\"@id\":\"https:\/\/mobila.md\/ru\/product\/canapeaua-nova-new\/#breadcrumb\",\"itemListElement\":[{\"@type\":\"ListItem\",\"position\":1,\"name\":\"\u0413\u043b\u0430\u0432\u043d\u0430\u044f\",\"item\":\"https:\/\/mobila.md\/\"},{\"@type\":\"ListItem\",\"position\":2,\"name\":\"Produse\",\"item\":\"https:\/\/mobila.md\/product\/\"},{\"@type\":\"ListItem\",\"position\":3,\"name\":\"Canapeaua Nova New\"}]},{\"@type\":\"WebSite\",\"@id\":\"https:\/\/mobila.md\/ru\/#website\",\"url\":\"https:\/\/mobila.md\/ru\/\",\"name\":\"ERGOLEMN\",\"description\":\"\",\"publisher\":{\"@id\":\"https:\/\/mobila.md\/ru\/#organization\"},\"potentialAction\":[{\"@type\":\"SearchAction\",\"target\":{\"@type\":\"EntryPoint\",\"urlTemplate\":\"https:\/\/mobila.md\/ru\/?s={search_term_string}\"},\"query-input\":{\"@type\":\"PropertyValueSpecification\",\"valueRequired\":true,\"valueName\":\"search_term_string\"}}],\"inLanguage\":\"ru-RU\"},{\"@type\":\"Organization\",\"@id\":\"https:\/\/mobila.md\/ru\/#organization\",\"name\":\"ERGOLEMN SRL\",\"url\":\"https:\/\/mobila.md\/ru\/\",\"logo\":{\"@type\":\"ImageObject\",\"inLanguage\":\"ru-RU\",\"@id\":\"https:\/\/mobila.md\/ru\/#\/schema\/logo\/image\/\",\"url\":\"https:\/\/mlob4660sih2.i.optimole.com\/cb:hB7A.2a1\/w:auto\/h:auto\/q:mauto\/f:best\/https:\/\/mobila.md\/wp-content\/uploads\/2024\/03\/logo-ergolemn-site-1.png\",\"contentUrl\":\"https:\/\/mlob4660sih2.i.optimole.com\/cb:hB7A.2a1\/w:auto\/h:auto\/q:mauto\/f:best\/https:\/\/mobila.md\/wp-content\/uploads\/2024\/03\/logo-ergolemn-site-1.png\",\"width\":350,\"height\":100,\"caption\":\"ERGOLEMN SRL\"},\"image\":{\"@id\":\"https:\/\/mobila.md\/ru\/#\/schema\/logo\/image\/\"},\"sameAs\":[\"https:\/\/www.facebook.com\/ergolemn?locale=ru_RU\",\"https:\/\/www.instagram.com\/ergolemnmoldova\/\"]}]}<\/script>\n<!-- \/ Yoast SEO Premium plugin. -->","yoast_head_json":{"title":"Canapeaua Nova New \u2013 Design Modern \u0219i Confort Personalizat","description":"Canapeaua Nova New \u2013 elegan\u021b\u0103 modern\u0103, personalizare complet\u0103 \u0219i materiale premium. Ideal\u0103 pentru interioare rafinate, contemporane \u0219i minimaliste.","robots":{"index":"index","follow":"follow","max-snippet":"max-snippet:-1","max-image-preview":"max-image-preview:large","max-video-preview":"max-video-preview:-1"},"canonical":"Canapeaua Nova New este alegerea ideal\u0103 pentru interioare moderne \u0219i sofisticate, \u00eembin\u00e2nd designul contemporan cu func\u021bionalitatea. Cu un aspect minimalist \u0219i linii elegante, canapeaua Nova New se remarc\u0103 prin rafinament \u0219i confort. Pernele sale moi ofer\u0103 suport optim, transform\u00e2nd fiecare moment de relaxare \u00eentr-o experien\u021b\u0103 pl\u0103cut\u0103.Realizat\u0103 din materiale premium, aceast\u0103 canapea este complet personalizabil\u0103, fiind&hellip;","og_locale":"ru_RU","og_type":"article","og_title":"Canapeaua Nova New \u2013 Design Modern \u0219i Confort Personalizat","og_description":"Canapeaua Nova New \u2013 elegan\u021b\u0103 modern\u0103, personalizare complet\u0103 \u0219i materiale premium. Ideal\u0103 pentru interioare rafinate, contemporane \u0219i minimaliste.","og_url":"https:\/\/mobila.md\/ru\/product\/canapeaua-nova-new\/","og_site_name":"ERGOLEMN","article_publisher":"https:\/\/www.facebook.com\/ergolemn?locale=ru_RU","article_modified_time":"2026-01-20T14:22:21+00:00","og_image":[{"width":2000,"height":1333,"url":"https:\/\/mlob4660sih2.i.optimole.com\/cb:hB7A.2a1\/w:auto\/h:auto\/q:mauto\/f:best\/https:\/\/mobila.md\/wp-content\/uploads\/2025\/03\/Canapea-Nova-New-2-1.jpg","type":"image\/jpeg"}],"twitter_card":"summary_large_image","twitter_misc":{"\u041f\u0440\u0438\u043c\u0435\u0440\u043d\u043e\u0435 \u0432\u0440\u0435\u043c\u044f \u0434\u043b\u044f \u0447\u0442\u0435\u043d\u0438\u044f":"2 \u043c\u0438\u043d\u0443\u0442\u044b"},"schema":{"@context":"https:\/\/schema.org","@graph":[{"@type":"WebPage","@id":"https:\/\/mobila.md\/ru\/product\/canapeaua-nova-new\/","url":"https:\/\/mobila.md\/ru\/product\/canapeaua-nova-new\/","name":"Canapeaua Nova New \u2013 Design Modern \u0219i Confort Personalizat","isPartOf":{"@id":"https:\/\/mobila.md\/#website"},"primaryImageOfPage":{"@id":"https:\/\/mobila.md\/ru\/product\/canapeaua-nova-new\/#primaryimage"},"image":{"@id":"https:\/\/mobila.md\/ru\/product\/canapeaua-nova-new\/#primaryimage"},"thumbnailUrl":"https:\/\/mlob4660sih2.i.optimole.com\/cb:hB7A.2a1\/w:auto\/h:auto\/q:mauto\/f:best\/https:\/\/mobila.md\/wp-content\/uploads\/2025\/03\/Canapea-Nova-New-2-1.jpg","datePublished":"2025-03-20T09:43:43+00:00","dateModified":"2026-01-20T14:22:21+00:00","description":"Canapeaua Nova New \u2013 elegan\u021b\u0103 modern\u0103, personalizare complet\u0103 \u0219i materiale premium. Ideal\u0103 pentru interioare rafinate, contemporane \u0219i minimaliste.","breadcrumb":{"@id":"https:\/\/mobila.md\/ru\/product\/canapeaua-nova-new\/#breadcrumb"},"inLanguage":"ru-RU","potentialAction":[{"@type":"ReadAction","target":["https:\/\/mobila.md\/ru\/product\/canapeaua-nova-new\/"]}]},{"@type":"ImageObject","inLanguage":"ru-RU","@id":"https:\/\/mobila.md\/ru\/product\/canapeaua-nova-new\/#primaryimage","url":"https:\/\/mlob4660sih2.i.optimole.com\/cb:hB7A.2a1\/w:auto\/h:auto\/q:mauto\/f:best\/https:\/\/mobila.md\/wp-content\/uploads\/2025\/03\/Canapea-Nova-New-2-1.jpg","contentUrl":"https:\/\/mlob4660sih2.i.optimole.com\/cb:hB7A.2a1\/w:auto\/h:auto\/q:mauto\/f:best\/https:\/\/mobila.md\/wp-content\/uploads\/2025\/03\/Canapea-Nova-New-2-1.jpg","width":2000,"height":1333,"caption":"canapeaua nova new"},{"@type":"BreadcrumbList","@id":"https:\/\/mobila.md\/ru\/product\/canapeaua-nova-new\/#breadcrumb","itemListElement":[{"@type":"ListItem","position":1,"name":"\u0413\u043b\u0430\u0432\u043d\u0430\u044f","item":"https:\/\/mobila.md\/"},{"@type":"ListItem","position":2,"name":"Produse","item":"https:\/\/mobila.md\/product\/"},{"@type":"ListItem","position":3,"name":"Canapeaua Nova New"}]},{"@type":"WebSite","@id":"https:\/\/mobila.md\/ru\/#website","url":"https:\/\/mobila.md\/ru\/","name":"ERGOLEMN","description":"","publisher":{"@id":"https:\/\/mobila.md\/ru\/#organization"},"potentialAction":[{"@type":"SearchAction","target":{"@type":"EntryPoint","urlTemplate":"https:\/\/mobila.md\/ru\/?s={search_term_string}"},"query-input":{"@type":"PropertyValueSpecification","valueRequired":true,"valueName":"search_term_string"}}],"inLanguage":"ru-RU"},{"@type":"Organization","@id":"https:\/\/mobila.md\/ru\/#organization","name":"ERGOLEMN SRL","url":"https:\/\/mobila.md\/ru\/","logo":{"@type":"ImageObject","inLanguage":"ru-RU","@id":"https:\/\/mobila.md\/ru\/#\/schema\/logo\/image\/","url":"https:\/\/mlob4660sih2.i.optimole.com\/cb:hB7A.2a1\/w:auto\/h:auto\/q:mauto\/f:best\/https:\/\/mobila.md\/wp-content\/uploads\/2024\/03\/logo-ergolemn-site-1.png","contentUrl":"https:\/\/mlob4660sih2.i.optimole.com\/cb:hB7A.2a1\/w:auto\/h:auto\/q:mauto\/f:best\/https:\/\/mobila.md\/wp-content\/uploads\/2024\/03\/logo-ergolemn-site-1.png","width":350,"height":100,"caption":"ERGOLEMN SRL"},"image":{"@id":"https:\/\/mobila.md\/ru\/#\/schema\/logo\/image\/"},"sameAs":["https:\/\/www.facebook.com\/ergolemn?locale=ru_RU","https:\/\/www.instagram.com\/ergolemnmoldova\/"]}]}},"_links":{"self":[{"href":"https:\/\/mobila.md\/ru\/wp-json\/wp\/v2\/product\/989528","targetHints":{"allow":["GET"]}}],"collection":[{"href":"https:\/\/mobila.md\/ru\/wp-json\/wp\/v2\/product"}],"about":[{"href":"https:\/\/mobila.md\/ru\/wp-json\/wp\/v2\/types\/product"}],"version-history":[{"count":6,"href":"https:\/\/mobila.md\/ru\/wp-json\/wp\/v2\/product\/989528\/revisions"}],"predecessor-version":[{"id":990418,"href":"https:\/\/mobila.md\/ru\/wp-json\/wp\/v2\/product\/989528\/revisions\/990418"}],"wp:featuredmedia":[{"embeddable":true,"href":"https:\/\/mobila.md\/ru\/wp-json\/wp\/v2\/media\/989530"}],"wp:attachment":[{"href":"https:\/\/mobila.md\/ru\/wp-json\/wp\/v2\/media?parent=989528"}],"wp:term":[{"taxonomy":"product_brand","embeddable":true,"href":"https:\/\/mobila.md\/ru\/wp-json\/wp\/v2\/product_brand?post=989528"},{"taxonomy":"product_cat","embeddable":true,"href":"https:\/\/mobila.md\/ru\/wp-json\/wp\/v2\/product_cat?post=989528"},{"taxonomy":"product_tag","embeddable":true,"href":"https:\/\/mobila.md\/ru\/wp-json\/wp\/v2\/product_tag?post=989528"}],"curies":[{"name":"wp","href":"https:\/\/api.w.org\/{rel}","templated":true}]}}