{"id":989488,"date":"2025-03-20T12:28:46","date_gmt":"2025-03-20T09:28:46","guid":{"rendered":"https:\/\/mobila.md\/product\/\/"},"modified":"2026-01-20T17:22:35","modified_gmt":"2026-01-20T14:22:35","slug":"canapeaua-montbelle","status":"publish","type":"product","link":"https:\/\/mobila.md\/ru\/product\/canapeaua-montbelle\/","title":{"rendered":"Canapeaua Montbell"},"content":{"rendered":"<div class=\"vgblk-rw-wrapper limit-wrapper\">\n<p class=\"\" data-start=\"1003\" data-end=\"1069\"><strong data-start=\"1003\" data-end=\"1069\">Canapeaua Montbelle \u2013 Confort modular \u0219i elegan\u021b\u0103 contemporan\u0103<\/strong><\/p>\n<p class=\"\" data-start=\"1071\" data-end=\"1435\"><strong data-start=\"1071\" data-end=\"1094\">Canapeaua Montbelle<\/strong> redefine\u0219te confortul \u0219i flexibilitatea, fiind ideal\u0103 pentru interioare moderne \u0219i minimaliste. Cu un design modular \u0219i linii elegante, acest model poate fi configurat \u00een func\u021bie de nevoile \u0219i preferin\u021bele fiec\u0103rei locuin\u021be. Elementele sale generoase \u0219i pernele moi ofer\u0103 un nivel ridicat de relaxare, cre\u00e2nd un spa\u021biu primitor \u0219i armonios.<\/p>\n<p class=\"\" data-start=\"1437\" data-end=\"1775\">Fabricat\u0103 din materiale premium, aceast\u0103 pies\u0103 este disponibil\u0103 \u00eentr-o gam\u0103 variat\u0103 de culori, texturi \u0219i dimensiuni. Poate fi adaptat\u0103 cu u\u0219urin\u021b\u0103 at\u00e2t \u00een spa\u021bii deschise, c\u00e2t \u0219i \u00een apartamente mai restr\u00e2nse, f\u0103r\u0103 a compromite estetica. Propor\u021biile echilibrate \u0219i liniile simple \u00eei permit s\u0103 devin\u0103 un punct focal elegant \u00een orice decor.<\/p>\n<p class=\"\" data-start=\"1777\" data-end=\"2122\">Modelul Montbelle este ideal pentru familii care \u00ee\u0219i doresc func\u021bionalitate, dar \u0219i pentru spa\u021bii care necesit\u0103 flexibilitate. Se transform\u0103 u\u0219or din canapea de zi \u00een zon\u0103 de relaxare extins\u0103 pentru invita\u021bi sau seri de film. Datorit\u0103 structurii modulare, poate fi extins\u0103, rearanjat\u0103 sau completat\u0103 cu module suplimentare, \u00een func\u021bie de spa\u021biu.<\/p>\n<p class=\"\" data-start=\"2124\" data-end=\"2337\">\u00centre\u021binerea este simpl\u0103, materialele fiind rezistente la uzur\u0103 \u0219i p\u0103str\u00e2ndu-\u0219i aspectul impecabil \u00een timp. Personalizarea complet\u0103 o transform\u0103 \u00eentr-o alegere potrivit\u0103 pentru orice preferin\u021b\u0103 de design interior.<\/p>\n<p class=\"\" data-start=\"2339\" data-end=\"2496\">Contacta\u021bi-ne pentru a descoperi toate op\u021biunile de personalizare \u0219i pentru a transforma <strong data-start=\"2428\" data-end=\"2451\">canapeaua Montbelle<\/strong> \u00een elementul central al casei dumneavoastr\u0103.<\/p>\n<h3 style=\"text-align: center\"><span style=\"color: #ff0000\">Costurile pot varia \u00een func\u021bie de configuratie \u0219i \u021bes\u0103turi<\/span><\/h3>\n<p style=\"text-align: center\"><a class=\"solicitat-oferta\" href=\"#popmake-989604\">Solicit\u0103<\/a><\/p>\n<p><img data-opt-id=1239738169  fetchpriority=\"high\" decoding=\"async\" class=\"aligncenter size-full wp-image-989489\" src=\"https:\/\/mlob4660sih2.i.optimole.com\/cb:hB7A.2a1\/w:auto\/h:auto\/q:mauto\/f:best\/https:\/\/mobila.md\/wp-content\/uploads\/2025\/03\/schite-montbell-final-781x1024-2.png\" alt=\"\" width=\"781\" height=\"1024\" srcset=\"https:\/\/mlob4660sih2.i.optimole.com\/cb:hB7A.2a1\/w:781\/h:1024\/q:mauto\/f:best\/https:\/\/mobila.md\/wp-content\/uploads\/2025\/03\/schite-montbell-final-781x1024-2.png 781w, https:\/\/mlob4660sih2.i.optimole.com\/cb:hB7A.2a1\/w:229\/h:300\/q:mauto\/f:best\/https:\/\/mobila.md\/wp-content\/uploads\/2025\/03\/schite-montbell-final-781x1024-2.png 229w, https:\/\/mlob4660sih2.i.optimole.com\/cb:hB7A.2a1\/w:768\/h:1007\/q:mauto\/f:best\/https:\/\/mobila.md\/wp-content\/uploads\/2025\/03\/schite-montbell-final-781x1024-2.png 768w, https:\/\/mlob4660sih2.i.optimole.com\/cb:hB7A.2a1\/w:64\/h:84\/q:mauto\/f:best\/dpr:2\/https:\/\/mobila.md\/wp-content\/uploads\/2025\/03\/schite-montbell-final-781x1024-2.png 64w\" sizes=\"(max-width: 781px) 100vw, 781px\" \/><\/p>\n<\/div>\n<p><!-- .vgblk-rw-wrapper --><\/p>\n","protected":false},"excerpt":{"rendered":"<p>Canapeaua Montbelle \u2013 Confort modular \u0219i elegan\u021b\u0103 contemporan\u0103 Canapeaua Montbelle redefine\u0219te confortul \u0219i flexibilitatea, fiind ideal\u0103 pentru interioare moderne \u0219i minimaliste. Cu un design modular \u0219i linii elegante, acest model poate fi configurat \u00een func\u021bie de nevoile \u0219i preferin\u021bele fiec\u0103rei locuin\u021be. Elementele sale generoase \u0219i pernele moi ofer\u0103 un nivel ridicat de relaxare, cre\u00e2nd un&#8230;<\/p>\n","protected":false},"featured_media":989498,"template":"","meta":[],"product_brand":[],"product_cat":[173],"product_tag":[],"class_list":{"0":"post-989488","1":"product","2":"type-product","3":"status-publish","4":"has-post-thumbnail","6":"product_cat-sofas","8":"first","9":"instock","10":"shipping-taxable","11":"product-type-simple"},"yoast_head":"<!-- This site is optimized with the Yoast SEO Premium plugin v24.7 (Yoast SEO v26.9) - https:\/\/yoast.com\/product\/yoast-seo-premium-wordpress\/ -->\n<title>Canapeaua Montbelle \u2013 Design Modular \u0219i Confort Personalizat<\/title>\n<meta name=\"description\" content=\"Canapeaua Montbelle \u2013 design modular, confort premium \u0219i personalizare complet\u0103. Ideal\u0103 pentru interioare moderne, elegante \u0219i minimaliste.\" \/>\n<meta name=\"robots\" content=\"index, follow, max-snippet:-1, max-image-preview:large, max-video-preview:-1\" \/>\n<link rel=\"canonical\" href=\"http:\/\/Canapeaua%20Montbelle%20\u2013%20Confort%20modular%20\u0219i%20elegan\u021b\u0103%20contemporan\u0103Canapeaua%20Montbelle%20redefine\u0219te%20confortul%20\u0219i%20flexibilitatea,%20fiind%20ideal\u0103%20pentru%20interioare%20moderne%20\u0219i%20minimaliste.%20Cu%20un%20design%20modular%20\u0219i%20linii%20elegante,%20acest%20model%20poate%20fi%20configurat%20\u00een%20func\u021bie%20de%20nevoile%20\u0219i%20preferin\u021bele%20fiec\u0103rei%20locuin\u021be.%20Elementele%20sale%20generoase%20\u0219i%20pernele%20moi%20ofer\u0103%20un%20nivel%20ridicat%20de%20relaxare,%20cre\u00e2nd%20un%20spa\u021biu&hellip;\" \/>\n<meta property=\"og:locale\" content=\"ru_RU\" \/>\n<meta property=\"og:type\" content=\"article\" \/>\n<meta property=\"og:title\" content=\"Canapeaua Montbelle \u2013 Design Modular \u0219i Confort Personalizat\" \/>\n<meta property=\"og:description\" content=\"Canapeaua Montbelle \u2013 design modular, confort premium \u0219i personalizare complet\u0103. Ideal\u0103 pentru interioare moderne, elegante \u0219i minimaliste.\" \/>\n<meta property=\"og:url\" content=\"https:\/\/mobila.md\/ru\/product\/canapeaua-montbelle\/\" \/>\n<meta property=\"og:site_name\" content=\"ERGOLEMN\" \/>\n<meta property=\"article:publisher\" content=\"https:\/\/www.facebook.com\/ergolemn?locale=ru_RU\" \/>\n<meta property=\"article:modified_time\" content=\"2026-01-20T14:22:35+00:00\" \/>\n<meta property=\"og:image\" content=\"https:\/\/mlob4660sih2.i.optimole.com\/cb:hB7A.2a1\/w:auto\/h:auto\/q:mauto\/f:best\/https:\/\/mobila.md\/wp-content\/uploads\/2025\/03\/Canapea-Montbelle-10-1.jpg\" \/>\n\t<meta property=\"og:image:width\" content=\"2000\" \/>\n\t<meta property=\"og:image:height\" content=\"1333\" \/>\n\t<meta property=\"og:image:type\" content=\"image\/jpeg\" \/>\n<meta name=\"twitter:card\" content=\"summary_large_image\" \/>\n<meta name=\"twitter:label1\" content=\"\u041f\u0440\u0438\u043c\u0435\u0440\u043d\u043e\u0435 \u0432\u0440\u0435\u043c\u044f \u0434\u043b\u044f \u0447\u0442\u0435\u043d\u0438\u044f\" \/>\n\t<meta name=\"twitter:data1\" content=\"2 \u043c\u0438\u043d\u0443\u0442\u044b\" \/>\n<script type=\"application\/ld+json\" class=\"yoast-schema-graph\">{\"@context\":\"https:\/\/schema.org\",\"@graph\":[{\"@type\":\"WebPage\",\"@id\":\"https:\/\/mobila.md\/ru\/product\/canapeaua-montbelle\/\",\"url\":\"https:\/\/mobila.md\/ru\/product\/canapeaua-montbelle\/\",\"name\":\"Canapeaua Montbelle \u2013 Design Modular \u0219i Confort Personalizat\",\"isPartOf\":{\"@id\":\"https:\/\/mobila.md\/#website\"},\"primaryImageOfPage\":{\"@id\":\"https:\/\/mobila.md\/ru\/product\/canapeaua-montbelle\/#primaryimage\"},\"image\":{\"@id\":\"https:\/\/mobila.md\/ru\/product\/canapeaua-montbelle\/#primaryimage\"},\"thumbnailUrl\":\"https:\/\/mlob4660sih2.i.optimole.com\/cb:hB7A.2a1\/w:auto\/h:auto\/q:mauto\/f:best\/https:\/\/mobila.md\/wp-content\/uploads\/2025\/03\/Canapea-Montbelle-10-1.jpg\",\"datePublished\":\"2025-03-20T09:28:46+00:00\",\"dateModified\":\"2026-01-20T14:22:35+00:00\",\"description\":\"Canapeaua Montbelle \u2013 design modular, confort premium \u0219i personalizare complet\u0103. Ideal\u0103 pentru interioare moderne, elegante \u0219i minimaliste.\",\"breadcrumb\":{\"@id\":\"https:\/\/mobila.md\/ru\/product\/canapeaua-montbelle\/#breadcrumb\"},\"inLanguage\":\"ru-RU\",\"potentialAction\":[{\"@type\":\"ReadAction\",\"target\":[\"https:\/\/mobila.md\/ru\/product\/canapeaua-montbelle\/\"]}]},{\"@type\":\"ImageObject\",\"inLanguage\":\"ru-RU\",\"@id\":\"https:\/\/mobila.md\/ru\/product\/canapeaua-montbelle\/#primaryimage\",\"url\":\"https:\/\/mlob4660sih2.i.optimole.com\/cb:hB7A.2a1\/w:auto\/h:auto\/q:mauto\/f:best\/https:\/\/mobila.md\/wp-content\/uploads\/2025\/03\/Canapea-Montbelle-10-1.jpg\",\"contentUrl\":\"https:\/\/mlob4660sih2.i.optimole.com\/cb:hB7A.2a1\/w:auto\/h:auto\/q:mauto\/f:best\/https:\/\/mobila.md\/wp-content\/uploads\/2025\/03\/Canapea-Montbelle-10-1.jpg\",\"width\":2000,\"height\":1333,\"caption\":\"Canapeaua Montbelle\"},{\"@type\":\"BreadcrumbList\",\"@id\":\"https:\/\/mobila.md\/ru\/product\/canapeaua-montbelle\/#breadcrumb\",\"itemListElement\":[{\"@type\":\"ListItem\",\"position\":1,\"name\":\"\u0413\u043b\u0430\u0432\u043d\u0430\u044f\",\"item\":\"https:\/\/mobila.md\/\"},{\"@type\":\"ListItem\",\"position\":2,\"name\":\"Produse\",\"item\":\"https:\/\/mobila.md\/product\/\"},{\"@type\":\"ListItem\",\"position\":3,\"name\":\"Canapeaua Montbell\"}]},{\"@type\":\"WebSite\",\"@id\":\"https:\/\/mobila.md\/ru\/#website\",\"url\":\"https:\/\/mobila.md\/ru\/\",\"name\":\"ERGOLEMN\",\"description\":\"\",\"publisher\":{\"@id\":\"https:\/\/mobila.md\/ru\/#organization\"},\"potentialAction\":[{\"@type\":\"SearchAction\",\"target\":{\"@type\":\"EntryPoint\",\"urlTemplate\":\"https:\/\/mobila.md\/ru\/?s={search_term_string}\"},\"query-input\":{\"@type\":\"PropertyValueSpecification\",\"valueRequired\":true,\"valueName\":\"search_term_string\"}}],\"inLanguage\":\"ru-RU\"},{\"@type\":\"Organization\",\"@id\":\"https:\/\/mobila.md\/ru\/#organization\",\"name\":\"ERGOLEMN SRL\",\"url\":\"https:\/\/mobila.md\/ru\/\",\"logo\":{\"@type\":\"ImageObject\",\"inLanguage\":\"ru-RU\",\"@id\":\"https:\/\/mobila.md\/ru\/#\/schema\/logo\/image\/\",\"url\":\"https:\/\/mlob4660sih2.i.optimole.com\/cb:hB7A.2a1\/w:auto\/h:auto\/q:mauto\/f:best\/https:\/\/mobila.md\/wp-content\/uploads\/2024\/03\/logo-ergolemn-site-1.png\",\"contentUrl\":\"https:\/\/mlob4660sih2.i.optimole.com\/cb:hB7A.2a1\/w:auto\/h:auto\/q:mauto\/f:best\/https:\/\/mobila.md\/wp-content\/uploads\/2024\/03\/logo-ergolemn-site-1.png\",\"width\":350,\"height\":100,\"caption\":\"ERGOLEMN SRL\"},\"image\":{\"@id\":\"https:\/\/mobila.md\/ru\/#\/schema\/logo\/image\/\"},\"sameAs\":[\"https:\/\/www.facebook.com\/ergolemn?locale=ru_RU\",\"https:\/\/www.instagram.com\/ergolemnmoldova\/\"]}]}<\/script>\n<!-- \/ Yoast SEO Premium plugin. -->","yoast_head_json":{"title":"Canapeaua Montbelle \u2013 Design Modular \u0219i Confort Personalizat","description":"Canapeaua Montbelle \u2013 design modular, confort premium \u0219i personalizare complet\u0103. Ideal\u0103 pentru interioare moderne, elegante \u0219i minimaliste.","robots":{"index":"index","follow":"follow","max-snippet":"max-snippet:-1","max-image-preview":"max-image-preview:large","max-video-preview":"max-video-preview:-1"},"canonical":"Canapeaua Montbelle \u2013 Confort modular \u0219i elegan\u021b\u0103 contemporan\u0103Canapeaua Montbelle redefine\u0219te confortul \u0219i flexibilitatea, fiind ideal\u0103 pentru interioare moderne \u0219i minimaliste. Cu un design modular \u0219i linii elegante, acest model poate fi configurat \u00een func\u021bie de nevoile \u0219i preferin\u021bele fiec\u0103rei locuin\u021be. Elementele sale generoase \u0219i pernele moi ofer\u0103 un nivel ridicat de relaxare, cre\u00e2nd un spa\u021biu&hellip;","og_locale":"ru_RU","og_type":"article","og_title":"Canapeaua Montbelle \u2013 Design Modular \u0219i Confort Personalizat","og_description":"Canapeaua Montbelle \u2013 design modular, confort premium \u0219i personalizare complet\u0103. Ideal\u0103 pentru interioare moderne, elegante \u0219i minimaliste.","og_url":"https:\/\/mobila.md\/ru\/product\/canapeaua-montbelle\/","og_site_name":"ERGOLEMN","article_publisher":"https:\/\/www.facebook.com\/ergolemn?locale=ru_RU","article_modified_time":"2026-01-20T14:22:35+00:00","og_image":[{"width":2000,"height":1333,"url":"https:\/\/mlob4660sih2.i.optimole.com\/cb:hB7A.2a1\/w:auto\/h:auto\/q:mauto\/f:best\/https:\/\/mobila.md\/wp-content\/uploads\/2025\/03\/Canapea-Montbelle-10-1.jpg","type":"image\/jpeg"}],"twitter_card":"summary_large_image","twitter_misc":{"\u041f\u0440\u0438\u043c\u0435\u0440\u043d\u043e\u0435 \u0432\u0440\u0435\u043c\u044f \u0434\u043b\u044f \u0447\u0442\u0435\u043d\u0438\u044f":"2 \u043c\u0438\u043d\u0443\u0442\u044b"},"schema":{"@context":"https:\/\/schema.org","@graph":[{"@type":"WebPage","@id":"https:\/\/mobila.md\/ru\/product\/canapeaua-montbelle\/","url":"https:\/\/mobila.md\/ru\/product\/canapeaua-montbelle\/","name":"Canapeaua Montbelle \u2013 Design Modular \u0219i Confort Personalizat","isPartOf":{"@id":"https:\/\/mobila.md\/#website"},"primaryImageOfPage":{"@id":"https:\/\/mobila.md\/ru\/product\/canapeaua-montbelle\/#primaryimage"},"image":{"@id":"https:\/\/mobila.md\/ru\/product\/canapeaua-montbelle\/#primaryimage"},"thumbnailUrl":"https:\/\/mlob4660sih2.i.optimole.com\/cb:hB7A.2a1\/w:auto\/h:auto\/q:mauto\/f:best\/https:\/\/mobila.md\/wp-content\/uploads\/2025\/03\/Canapea-Montbelle-10-1.jpg","datePublished":"2025-03-20T09:28:46+00:00","dateModified":"2026-01-20T14:22:35+00:00","description":"Canapeaua Montbelle \u2013 design modular, confort premium \u0219i personalizare complet\u0103. Ideal\u0103 pentru interioare moderne, elegante \u0219i minimaliste.","breadcrumb":{"@id":"https:\/\/mobila.md\/ru\/product\/canapeaua-montbelle\/#breadcrumb"},"inLanguage":"ru-RU","potentialAction":[{"@type":"ReadAction","target":["https:\/\/mobila.md\/ru\/product\/canapeaua-montbelle\/"]}]},{"@type":"ImageObject","inLanguage":"ru-RU","@id":"https:\/\/mobila.md\/ru\/product\/canapeaua-montbelle\/#primaryimage","url":"https:\/\/mlob4660sih2.i.optimole.com\/cb:hB7A.2a1\/w:auto\/h:auto\/q:mauto\/f:best\/https:\/\/mobila.md\/wp-content\/uploads\/2025\/03\/Canapea-Montbelle-10-1.jpg","contentUrl":"https:\/\/mlob4660sih2.i.optimole.com\/cb:hB7A.2a1\/w:auto\/h:auto\/q:mauto\/f:best\/https:\/\/mobila.md\/wp-content\/uploads\/2025\/03\/Canapea-Montbelle-10-1.jpg","width":2000,"height":1333,"caption":"Canapeaua Montbelle"},{"@type":"BreadcrumbList","@id":"https:\/\/mobila.md\/ru\/product\/canapeaua-montbelle\/#breadcrumb","itemListElement":[{"@type":"ListItem","position":1,"name":"\u0413\u043b\u0430\u0432\u043d\u0430\u044f","item":"https:\/\/mobila.md\/"},{"@type":"ListItem","position":2,"name":"Produse","item":"https:\/\/mobila.md\/product\/"},{"@type":"ListItem","position":3,"name":"Canapeaua Montbell"}]},{"@type":"WebSite","@id":"https:\/\/mobila.md\/ru\/#website","url":"https:\/\/mobila.md\/ru\/","name":"ERGOLEMN","description":"","publisher":{"@id":"https:\/\/mobila.md\/ru\/#organization"},"potentialAction":[{"@type":"SearchAction","target":{"@type":"EntryPoint","urlTemplate":"https:\/\/mobila.md\/ru\/?s={search_term_string}"},"query-input":{"@type":"PropertyValueSpecification","valueRequired":true,"valueName":"search_term_string"}}],"inLanguage":"ru-RU"},{"@type":"Organization","@id":"https:\/\/mobila.md\/ru\/#organization","name":"ERGOLEMN SRL","url":"https:\/\/mobila.md\/ru\/","logo":{"@type":"ImageObject","inLanguage":"ru-RU","@id":"https:\/\/mobila.md\/ru\/#\/schema\/logo\/image\/","url":"https:\/\/mlob4660sih2.i.optimole.com\/cb:hB7A.2a1\/w:auto\/h:auto\/q:mauto\/f:best\/https:\/\/mobila.md\/wp-content\/uploads\/2024\/03\/logo-ergolemn-site-1.png","contentUrl":"https:\/\/mlob4660sih2.i.optimole.com\/cb:hB7A.2a1\/w:auto\/h:auto\/q:mauto\/f:best\/https:\/\/mobila.md\/wp-content\/uploads\/2024\/03\/logo-ergolemn-site-1.png","width":350,"height":100,"caption":"ERGOLEMN SRL"},"image":{"@id":"https:\/\/mobila.md\/ru\/#\/schema\/logo\/image\/"},"sameAs":["https:\/\/www.facebook.com\/ergolemn?locale=ru_RU","https:\/\/www.instagram.com\/ergolemnmoldova\/"]}]}},"_links":{"self":[{"href":"https:\/\/mobila.md\/ru\/wp-json\/wp\/v2\/product\/989488","targetHints":{"allow":["GET"]}}],"collection":[{"href":"https:\/\/mobila.md\/ru\/wp-json\/wp\/v2\/product"}],"about":[{"href":"https:\/\/mobila.md\/ru\/wp-json\/wp\/v2\/types\/product"}],"version-history":[{"count":6,"href":"https:\/\/mobila.md\/ru\/wp-json\/wp\/v2\/product\/989488\/revisions"}],"predecessor-version":[{"id":990415,"href":"https:\/\/mobila.md\/ru\/wp-json\/wp\/v2\/product\/989488\/revisions\/990415"}],"wp:featuredmedia":[{"embeddable":true,"href":"https:\/\/mobila.md\/ru\/wp-json\/wp\/v2\/media\/989498"}],"wp:attachment":[{"href":"https:\/\/mobila.md\/ru\/wp-json\/wp\/v2\/media?parent=989488"}],"wp:term":[{"taxonomy":"product_brand","embeddable":true,"href":"https:\/\/mobila.md\/ru\/wp-json\/wp\/v2\/product_brand?post=989488"},{"taxonomy":"product_cat","embeddable":true,"href":"https:\/\/mobila.md\/ru\/wp-json\/wp\/v2\/product_cat?post=989488"},{"taxonomy":"product_tag","embeddable":true,"href":"https:\/\/mobila.md\/ru\/wp-json\/wp\/v2\/product_tag?post=989488"}],"curies":[{"name":"wp","href":"https:\/\/api.w.org\/{rel}","templated":true}]}}