{"id":989476,"date":"2025-03-20T12:25:08","date_gmt":"2025-03-20T09:25:08","guid":{"rendered":"https:\/\/mobila.md\/product\/\/"},"modified":"2025-06-12T20:34:36","modified_gmt":"2025-06-12T17:34:36","slug":"canapeaua-modulara-manhattan","status":"publish","type":"product","link":"https:\/\/mobila.md\/ru\/product\/canapeaua-modulara-manhattan\/","title":{"rendered":"Canapeaua Manhattan"},"content":{"rendered":"<div class=\"vgblk-rw-wrapper limit-wrapper\">\n<p class=\"\" data-start=\"694\" data-end=\"959\"><strong data-start=\"694\" data-end=\"726\">Canapeaua modular\u0103 Manhattan<\/strong> este solu\u021bia ideal\u0103 pentru a crea un spa\u021biu de relaxare modern, versatil \u0219i bine organizat. Cu un design rotunjit, propor\u021bii generoase \u0219i un aspect contemporan, aceast\u0103 pies\u0103 adaug\u0103 echilibru estetic \u0219i func\u021bional \u00een orice locuin\u021b\u0103.<\/p>\n<p class=\"\" data-start=\"961\" data-end=\"1242\">Configurarea modular\u0103 permite aranjarea diferitelor elemente \u00een func\u021bie de forma camerei \u0219i preferin\u021bele personale. Fiecare modul este g\u00e2ndit pentru a se conecta u\u0219or cu celelalte, rezult\u00e2nd o canapea complet personalizabil\u0103, at\u00e2t din punct de vedere al formei, c\u00e2t \u0219i al func\u021biei.<\/p>\n<p class=\"\" data-start=\"1244\" data-end=\"1533\">Acest model este realizat din materiale de calitate superioar\u0103. Structura interioar\u0103 din lemn masiv \u0219i tapi\u021beria rezistent\u0103 asigur\u0103 durabilitate \u00een timp \u0219i confort sus\u021binut. Pernele decorative adaug\u0103 un accent de stil \u0219i un plus de comoditate, fiind disponibile \u00eentr-o varietate de culori.<\/p>\n<p class=\"\" data-start=\"1535\" data-end=\"1772\"><strong data-start=\"1535\" data-end=\"1567\">Canapeaua modular\u0103 Manhattan<\/strong> este ideal\u0103 pentru spa\u021bii moderne, livinguri generoase, dar \u0219i pentru apartamente \u00een care se dore\u0219te optimizarea fiec\u0103rui metru p\u0103trat. Se \u00eencadreaz\u0103 perfect \u00een stiluri scandinave, urbane sau minimaliste.<\/p>\n<p class=\"\" data-start=\"1774\" data-end=\"2054\">\u00cen plus, acest model poate fi adaptat cu u\u0219urin\u021b\u0103 \u00een func\u021bie de nevoi. Se pot ad\u0103uga sau elimina module, iar materialele pot fi alese dintre stofe moi, catifea, piele ecologic\u0103 sau textile tehnice u\u0219or de cur\u0103\u021bat. Bra\u021bele, picioarele \u0219i dimensiunile sunt configurabile individual.<\/p>\n<p class=\"\" data-start=\"2056\" data-end=\"2254\">Datorit\u0103 flexibilit\u0103\u021bii sale, <strong data-start=\"2086\" data-end=\"2118\">canapeaua modular\u0103 Manhattan<\/strong> devine mai mult dec\u00e2t o pies\u0103 de mobilier \u2013 devine un element central, personalizabil \u0219i perfect integrabil \u00een stilul propriu de via\u021b\u0103.<\/p>\n<h3 style=\"text-align: center\"><span style=\"color: #ff0000\">Costurile pot varia \u00een func\u021bie de configuratie \u0219i \u021bes\u0103turi<\/span><\/h3>\n<p style=\"text-align: center\"><a class=\"solicitat-oferta\" href=\"#popmake-989604\">Solicit\u0103<\/a><\/p>\n<p><img data-opt-id=1057497084  fetchpriority=\"high\" decoding=\"async\" class=\"aligncenter size-full wp-image-989477\" src=\"https:\/\/mlob4660sih2.i.optimole.com\/cb:hB7A.2a1\/w:auto\/h:auto\/q:mauto\/f:best\/https:\/\/mobila.md\/wp-content\/uploads\/2025\/03\/schite-manhatan-694x1024-2.png\" alt=\"\" width=\"694\" height=\"1024\" srcset=\"https:\/\/mlob4660sih2.i.optimole.com\/cb:hB7A.2a1\/w:694\/h:1024\/q:mauto\/f:best\/https:\/\/mobila.md\/wp-content\/uploads\/2025\/03\/schite-manhatan-694x1024-2.png 694w, https:\/\/mlob4660sih2.i.optimole.com\/cb:hB7A.2a1\/w:203\/h:300\/q:mauto\/f:best\/https:\/\/mobila.md\/wp-content\/uploads\/2025\/03\/schite-manhatan-694x1024-2.png 203w, https:\/\/mlob4660sih2.i.optimole.com\/cb:hB7A.2a1\/w:64\/h:94\/q:mauto\/f:best\/dpr:2\/https:\/\/mobila.md\/wp-content\/uploads\/2025\/03\/schite-manhatan-694x1024-2.png 64w\" sizes=\"(max-width: 694px) 100vw, 694px\" \/><\/p>\n<\/div>\n<p><!-- .vgblk-rw-wrapper --><\/p>\n","protected":false},"excerpt":{"rendered":"<p>Canapeaua modular\u0103 Manhattan este solu\u021bia ideal\u0103 pentru a crea un spa\u021biu de relaxare modern, versatil \u0219i bine organizat. Cu un design rotunjit, propor\u021bii generoase \u0219i un aspect contemporan, aceast\u0103 pies\u0103 adaug\u0103 echilibru estetic \u0219i func\u021bional \u00een orice locuin\u021b\u0103. Configurarea modular\u0103 permite aranjarea diferitelor elemente \u00een func\u021bie de forma camerei \u0219i preferin\u021bele personale. Fiecare modul este&#8230;<\/p>\n","protected":false},"featured_media":989482,"template":"","meta":[],"product_brand":[],"product_cat":[173],"product_tag":[],"class_list":{"0":"post-989476","1":"product","2":"type-product","3":"status-publish","4":"has-post-thumbnail","6":"product_cat-sofas","8":"first","9":"instock","10":"shipping-taxable","11":"product-type-simple"},"yoast_head":"<!-- This site is optimized with the Yoast SEO Premium plugin v24.7 (Yoast SEO v26.9) - https:\/\/yoast.com\/product\/yoast-seo-premium-wordpress\/ -->\n<title>Canapeaua modular\u0103 Manhattan \u2013 Design Modern \u0219i Versatil<\/title>\n<meta name=\"description\" content=\"Canapeaua modular\u0103 Manhattan \u2013 confort personalizat, linii rotunjite \u0219i func\u021bionalitate modern\u0103. Ideal\u0103 pentru orice spa\u021biu contemporan.\" \/>\n<meta name=\"robots\" content=\"index, follow, max-snippet:-1, max-image-preview:large, max-video-preview:-1\" \/>\n<link rel=\"canonical\" href=\"http:\/\/Canapeaua%20modular\u0103%20Manhattan%20este%20solu\u021bia%20ideal\u0103%20pentru%20a%20crea%20un%20spa\u021biu%20de%20relaxare%20modern,%20versatil%20\u0219i%20bine%20organizat.%20Cu%20un%20design%20rotunjit,%20propor\u021bii%20generoase%20\u0219i%20un%20aspect%20contemporan,%20aceast\u0103%20pies\u0103%20adaug\u0103%20echilibru%20estetic%20\u0219i%20func\u021bional%20\u00een%20orice%20locuin\u021b\u0103.Configurarea%20modular\u0103%20permite%20aranjarea%20diferitelor%20elemente%20\u00een%20func\u021bie%20de%20forma%20camerei%20\u0219i%20preferin\u021bele%20personale.%20Fiecare%20modul%20este%20g\u00e2ndit&hellip;\" \/>\n<meta property=\"og:locale\" content=\"ru_RU\" \/>\n<meta property=\"og:type\" content=\"article\" \/>\n<meta property=\"og:title\" content=\"Canapeaua modular\u0103 Manhattan \u2013 Design Modern \u0219i Versatil\" \/>\n<meta property=\"og:description\" content=\"Canapeaua modular\u0103 Manhattan \u2013 confort personalizat, linii rotunjite \u0219i func\u021bionalitate modern\u0103. Ideal\u0103 pentru orice spa\u021biu contemporan.\" \/>\n<meta property=\"og:url\" content=\"https:\/\/mobila.md\/ru\/product\/canapeaua-modulara-manhattan\/\" \/>\n<meta property=\"og:site_name\" content=\"ERGOLEMN\" \/>\n<meta property=\"article:publisher\" content=\"https:\/\/www.facebook.com\/ergolemn?locale=ru_RU\" \/>\n<meta property=\"article:modified_time\" content=\"2025-06-12T17:34:36+00:00\" \/>\n<meta property=\"og:image\" content=\"https:\/\/mlob4660sih2.i.optimole.com\/cb:hB7A.2a1\/w:auto\/h:auto\/q:mauto\/f:best\/https:\/\/mobila.md\/wp-content\/uploads\/2025\/03\/Canapea-Manhatan-6-2.jpg\" \/>\n\t<meta property=\"og:image:width\" content=\"2000\" \/>\n\t<meta property=\"og:image:height\" content=\"1333\" \/>\n\t<meta property=\"og:image:type\" content=\"image\/jpeg\" \/>\n<meta name=\"twitter:card\" content=\"summary_large_image\" \/>\n<meta name=\"twitter:label1\" content=\"\u041f\u0440\u0438\u043c\u0435\u0440\u043d\u043e\u0435 \u0432\u0440\u0435\u043c\u044f \u0434\u043b\u044f \u0447\u0442\u0435\u043d\u0438\u044f\" \/>\n\t<meta name=\"twitter:data1\" content=\"2 \u043c\u0438\u043d\u0443\u0442\u044b\" \/>\n<script type=\"application\/ld+json\" class=\"yoast-schema-graph\">{\"@context\":\"https:\/\/schema.org\",\"@graph\":[{\"@type\":\"WebPage\",\"@id\":\"https:\/\/mobila.md\/ru\/product\/canapeaua-modulara-manhattan\/\",\"url\":\"https:\/\/mobila.md\/ru\/product\/canapeaua-modulara-manhattan\/\",\"name\":\"Canapeaua modular\u0103 Manhattan \u2013 Design Modern \u0219i Versatil\",\"isPartOf\":{\"@id\":\"https:\/\/mobila.md\/#website\"},\"primaryImageOfPage\":{\"@id\":\"https:\/\/mobila.md\/ru\/product\/canapeaua-modulara-manhattan\/#primaryimage\"},\"image\":{\"@id\":\"https:\/\/mobila.md\/ru\/product\/canapeaua-modulara-manhattan\/#primaryimage\"},\"thumbnailUrl\":\"https:\/\/mlob4660sih2.i.optimole.com\/cb:hB7A.2a1\/w:auto\/h:auto\/q:mauto\/f:best\/https:\/\/mobila.md\/wp-content\/uploads\/2025\/03\/Canapea-Manhatan-6-2.jpg\",\"datePublished\":\"2025-03-20T09:25:08+00:00\",\"dateModified\":\"2025-06-12T17:34:36+00:00\",\"description\":\"Canapeaua modular\u0103 Manhattan \u2013 confort personalizat, linii rotunjite \u0219i func\u021bionalitate modern\u0103. Ideal\u0103 pentru orice spa\u021biu contemporan.\",\"breadcrumb\":{\"@id\":\"https:\/\/mobila.md\/ru\/product\/canapeaua-modulara-manhattan\/#breadcrumb\"},\"inLanguage\":\"ru-RU\",\"potentialAction\":[{\"@type\":\"ReadAction\",\"target\":[\"https:\/\/mobila.md\/ru\/product\/canapeaua-modulara-manhattan\/\"]}]},{\"@type\":\"ImageObject\",\"inLanguage\":\"ru-RU\",\"@id\":\"https:\/\/mobila.md\/ru\/product\/canapeaua-modulara-manhattan\/#primaryimage\",\"url\":\"https:\/\/mlob4660sih2.i.optimole.com\/cb:hB7A.2a1\/w:auto\/h:auto\/q:mauto\/f:best\/https:\/\/mobila.md\/wp-content\/uploads\/2025\/03\/Canapea-Manhatan-6-2.jpg\",\"contentUrl\":\"https:\/\/mlob4660sih2.i.optimole.com\/cb:hB7A.2a1\/w:auto\/h:auto\/q:mauto\/f:best\/https:\/\/mobila.md\/wp-content\/uploads\/2025\/03\/Canapea-Manhatan-6-2.jpg\",\"width\":2000,\"height\":1333,\"caption\":\"canapeaua modular\u0103 Manhattan\"},{\"@type\":\"BreadcrumbList\",\"@id\":\"https:\/\/mobila.md\/ru\/product\/canapeaua-modulara-manhattan\/#breadcrumb\",\"itemListElement\":[{\"@type\":\"ListItem\",\"position\":1,\"name\":\"\u0413\u043b\u0430\u0432\u043d\u0430\u044f\",\"item\":\"https:\/\/mobila.md\/\"},{\"@type\":\"ListItem\",\"position\":2,\"name\":\"Produse\",\"item\":\"https:\/\/mobila.md\/product\/\"},{\"@type\":\"ListItem\",\"position\":3,\"name\":\"Canapeaua Manhattan\"}]},{\"@type\":\"WebSite\",\"@id\":\"https:\/\/mobila.md\/ru\/#website\",\"url\":\"https:\/\/mobila.md\/ru\/\",\"name\":\"ERGOLEMN\",\"description\":\"\",\"publisher\":{\"@id\":\"https:\/\/mobila.md\/ru\/#organization\"},\"potentialAction\":[{\"@type\":\"SearchAction\",\"target\":{\"@type\":\"EntryPoint\",\"urlTemplate\":\"https:\/\/mobila.md\/ru\/?s={search_term_string}\"},\"query-input\":{\"@type\":\"PropertyValueSpecification\",\"valueRequired\":true,\"valueName\":\"search_term_string\"}}],\"inLanguage\":\"ru-RU\"},{\"@type\":\"Organization\",\"@id\":\"https:\/\/mobila.md\/ru\/#organization\",\"name\":\"ERGOLEMN SRL\",\"url\":\"https:\/\/mobila.md\/ru\/\",\"logo\":{\"@type\":\"ImageObject\",\"inLanguage\":\"ru-RU\",\"@id\":\"https:\/\/mobila.md\/ru\/#\/schema\/logo\/image\/\",\"url\":\"https:\/\/mlob4660sih2.i.optimole.com\/cb:hB7A.2a1\/w:auto\/h:auto\/q:mauto\/f:best\/https:\/\/mobila.md\/wp-content\/uploads\/2024\/03\/logo-ergolemn-site-1.png\",\"contentUrl\":\"https:\/\/mlob4660sih2.i.optimole.com\/cb:hB7A.2a1\/w:auto\/h:auto\/q:mauto\/f:best\/https:\/\/mobila.md\/wp-content\/uploads\/2024\/03\/logo-ergolemn-site-1.png\",\"width\":350,\"height\":100,\"caption\":\"ERGOLEMN SRL\"},\"image\":{\"@id\":\"https:\/\/mobila.md\/ru\/#\/schema\/logo\/image\/\"},\"sameAs\":[\"https:\/\/www.facebook.com\/ergolemn?locale=ru_RU\",\"https:\/\/www.instagram.com\/ergolemnmoldova\/\"]}]}<\/script>\n<!-- \/ Yoast SEO Premium plugin. -->","yoast_head_json":{"title":"Canapeaua modular\u0103 Manhattan \u2013 Design Modern \u0219i Versatil","description":"Canapeaua modular\u0103 Manhattan \u2013 confort personalizat, linii rotunjite \u0219i func\u021bionalitate modern\u0103. Ideal\u0103 pentru orice spa\u021biu contemporan.","robots":{"index":"index","follow":"follow","max-snippet":"max-snippet:-1","max-image-preview":"max-image-preview:large","max-video-preview":"max-video-preview:-1"},"canonical":"Canapeaua modular\u0103 Manhattan este solu\u021bia ideal\u0103 pentru a crea un spa\u021biu de relaxare modern, versatil \u0219i bine organizat. Cu un design rotunjit, propor\u021bii generoase \u0219i un aspect contemporan, aceast\u0103 pies\u0103 adaug\u0103 echilibru estetic \u0219i func\u021bional \u00een orice locuin\u021b\u0103.Configurarea modular\u0103 permite aranjarea diferitelor elemente \u00een func\u021bie de forma camerei \u0219i preferin\u021bele personale. Fiecare modul este g\u00e2ndit&hellip;","og_locale":"ru_RU","og_type":"article","og_title":"Canapeaua modular\u0103 Manhattan \u2013 Design Modern \u0219i Versatil","og_description":"Canapeaua modular\u0103 Manhattan \u2013 confort personalizat, linii rotunjite \u0219i func\u021bionalitate modern\u0103. Ideal\u0103 pentru orice spa\u021biu contemporan.","og_url":"https:\/\/mobila.md\/ru\/product\/canapeaua-modulara-manhattan\/","og_site_name":"ERGOLEMN","article_publisher":"https:\/\/www.facebook.com\/ergolemn?locale=ru_RU","article_modified_time":"2025-06-12T17:34:36+00:00","og_image":[{"width":2000,"height":1333,"url":"https:\/\/mlob4660sih2.i.optimole.com\/cb:hB7A.2a1\/w:auto\/h:auto\/q:mauto\/f:best\/https:\/\/mobila.md\/wp-content\/uploads\/2025\/03\/Canapea-Manhatan-6-2.jpg","type":"image\/jpeg"}],"twitter_card":"summary_large_image","twitter_misc":{"\u041f\u0440\u0438\u043c\u0435\u0440\u043d\u043e\u0435 \u0432\u0440\u0435\u043c\u044f \u0434\u043b\u044f \u0447\u0442\u0435\u043d\u0438\u044f":"2 \u043c\u0438\u043d\u0443\u0442\u044b"},"schema":{"@context":"https:\/\/schema.org","@graph":[{"@type":"WebPage","@id":"https:\/\/mobila.md\/ru\/product\/canapeaua-modulara-manhattan\/","url":"https:\/\/mobila.md\/ru\/product\/canapeaua-modulara-manhattan\/","name":"Canapeaua modular\u0103 Manhattan \u2013 Design Modern \u0219i Versatil","isPartOf":{"@id":"https:\/\/mobila.md\/#website"},"primaryImageOfPage":{"@id":"https:\/\/mobila.md\/ru\/product\/canapeaua-modulara-manhattan\/#primaryimage"},"image":{"@id":"https:\/\/mobila.md\/ru\/product\/canapeaua-modulara-manhattan\/#primaryimage"},"thumbnailUrl":"https:\/\/mlob4660sih2.i.optimole.com\/cb:hB7A.2a1\/w:auto\/h:auto\/q:mauto\/f:best\/https:\/\/mobila.md\/wp-content\/uploads\/2025\/03\/Canapea-Manhatan-6-2.jpg","datePublished":"2025-03-20T09:25:08+00:00","dateModified":"2025-06-12T17:34:36+00:00","description":"Canapeaua modular\u0103 Manhattan \u2013 confort personalizat, linii rotunjite \u0219i func\u021bionalitate modern\u0103. Ideal\u0103 pentru orice spa\u021biu contemporan.","breadcrumb":{"@id":"https:\/\/mobila.md\/ru\/product\/canapeaua-modulara-manhattan\/#breadcrumb"},"inLanguage":"ru-RU","potentialAction":[{"@type":"ReadAction","target":["https:\/\/mobila.md\/ru\/product\/canapeaua-modulara-manhattan\/"]}]},{"@type":"ImageObject","inLanguage":"ru-RU","@id":"https:\/\/mobila.md\/ru\/product\/canapeaua-modulara-manhattan\/#primaryimage","url":"https:\/\/mlob4660sih2.i.optimole.com\/cb:hB7A.2a1\/w:auto\/h:auto\/q:mauto\/f:best\/https:\/\/mobila.md\/wp-content\/uploads\/2025\/03\/Canapea-Manhatan-6-2.jpg","contentUrl":"https:\/\/mlob4660sih2.i.optimole.com\/cb:hB7A.2a1\/w:auto\/h:auto\/q:mauto\/f:best\/https:\/\/mobila.md\/wp-content\/uploads\/2025\/03\/Canapea-Manhatan-6-2.jpg","width":2000,"height":1333,"caption":"canapeaua modular\u0103 Manhattan"},{"@type":"BreadcrumbList","@id":"https:\/\/mobila.md\/ru\/product\/canapeaua-modulara-manhattan\/#breadcrumb","itemListElement":[{"@type":"ListItem","position":1,"name":"\u0413\u043b\u0430\u0432\u043d\u0430\u044f","item":"https:\/\/mobila.md\/"},{"@type":"ListItem","position":2,"name":"Produse","item":"https:\/\/mobila.md\/product\/"},{"@type":"ListItem","position":3,"name":"Canapeaua Manhattan"}]},{"@type":"WebSite","@id":"https:\/\/mobila.md\/ru\/#website","url":"https:\/\/mobila.md\/ru\/","name":"ERGOLEMN","description":"","publisher":{"@id":"https:\/\/mobila.md\/ru\/#organization"},"potentialAction":[{"@type":"SearchAction","target":{"@type":"EntryPoint","urlTemplate":"https:\/\/mobila.md\/ru\/?s={search_term_string}"},"query-input":{"@type":"PropertyValueSpecification","valueRequired":true,"valueName":"search_term_string"}}],"inLanguage":"ru-RU"},{"@type":"Organization","@id":"https:\/\/mobila.md\/ru\/#organization","name":"ERGOLEMN SRL","url":"https:\/\/mobila.md\/ru\/","logo":{"@type":"ImageObject","inLanguage":"ru-RU","@id":"https:\/\/mobila.md\/ru\/#\/schema\/logo\/image\/","url":"https:\/\/mlob4660sih2.i.optimole.com\/cb:hB7A.2a1\/w:auto\/h:auto\/q:mauto\/f:best\/https:\/\/mobila.md\/wp-content\/uploads\/2024\/03\/logo-ergolemn-site-1.png","contentUrl":"https:\/\/mlob4660sih2.i.optimole.com\/cb:hB7A.2a1\/w:auto\/h:auto\/q:mauto\/f:best\/https:\/\/mobila.md\/wp-content\/uploads\/2024\/03\/logo-ergolemn-site-1.png","width":350,"height":100,"caption":"ERGOLEMN SRL"},"image":{"@id":"https:\/\/mobila.md\/ru\/#\/schema\/logo\/image\/"},"sameAs":["https:\/\/www.facebook.com\/ergolemn?locale=ru_RU","https:\/\/www.instagram.com\/ergolemnmoldova\/"]}]}},"_links":{"self":[{"href":"https:\/\/mobila.md\/ru\/wp-json\/wp\/v2\/product\/989476","targetHints":{"allow":["GET"]}}],"collection":[{"href":"https:\/\/mobila.md\/ru\/wp-json\/wp\/v2\/product"}],"about":[{"href":"https:\/\/mobila.md\/ru\/wp-json\/wp\/v2\/types\/product"}],"version-history":[{"count":6,"href":"https:\/\/mobila.md\/ru\/wp-json\/wp\/v2\/product\/989476\/revisions"}],"predecessor-version":[{"id":990414,"href":"https:\/\/mobila.md\/ru\/wp-json\/wp\/v2\/product\/989476\/revisions\/990414"}],"wp:featuredmedia":[{"embeddable":true,"href":"https:\/\/mobila.md\/ru\/wp-json\/wp\/v2\/media\/989482"}],"wp:attachment":[{"href":"https:\/\/mobila.md\/ru\/wp-json\/wp\/v2\/media?parent=989476"}],"wp:term":[{"taxonomy":"product_brand","embeddable":true,"href":"https:\/\/mobila.md\/ru\/wp-json\/wp\/v2\/product_brand?post=989476"},{"taxonomy":"product_cat","embeddable":true,"href":"https:\/\/mobila.md\/ru\/wp-json\/wp\/v2\/product_cat?post=989476"},{"taxonomy":"product_tag","embeddable":true,"href":"https:\/\/mobila.md\/ru\/wp-json\/wp\/v2\/product_tag?post=989476"}],"curies":[{"name":"wp","href":"https:\/\/api.w.org\/{rel}","templated":true}]}}