{"id":989872,"date":"2025-03-27T12:26:21","date_gmt":"2025-03-27T09:26:21","guid":{"rendered":"https:\/\/mobila.md\/?page_id=989872"},"modified":"2025-03-27T12:29:44","modified_gmt":"2025-03-27T09:29:44","slug":"mese-si-scaune-personalizate","status":"publish","type":"page","link":"https:\/\/mobila.md\/ru\/mese-si-scaune-personalizate\/","title":{"rendered":"Mese \u0219i scaune personalizate"},"content":{"rendered":"\t\t<div data-elementor-type=\"wp-page\" data-elementor-id=\"989872\" class=\"elementor elementor-989872\" data-elementor-post-type=\"page\">\n\t\t\t\t<div class=\"elementor-element elementor-element-5039803 e-flex e-con-boxed e-con e-parent\" data-id=\"5039803\" data-element_type=\"container\" data-e-type=\"container\">\n\t\t\t\t\t<div class=\"e-con-inner\">\n\t\t\t\t<div class=\"elementor-element elementor-element-6e3a2ae elementor-widget elementor-widget-spacer\" data-id=\"6e3a2ae\" data-element_type=\"widget\" data-e-type=\"widget\" data-widget_type=\"spacer.default\">\n\t\t\t\t<div class=\"elementor-widget-container\">\n\t\t\t\t\t\t\t<div class=\"elementor-spacer\">\n\t\t\t<div class=\"elementor-spacer-inner\"><\/div>\n\t\t<\/div>\n\t\t\t\t\t\t<\/div>\n\t\t\t\t<\/div>\n\t\t\t\t\t<\/div>\n\t\t\t\t<\/div>\n\t\t<div class=\"elementor-element elementor-element-7668d38 e-flex e-con-boxed e-con e-parent\" data-id=\"7668d38\" data-element_type=\"container\" data-e-type=\"container\">\n\t\t\t\t\t<div class=\"e-con-inner\">\n\t\t\t\t<div class=\"elementor-element elementor-element-bdb67a2 elementor-widget elementor-widget-gallery\" data-id=\"bdb67a2\" data-element_type=\"widget\" data-e-type=\"widget\" data-settings=\"{&quot;lazyload&quot;:&quot;yes&quot;,&quot;gallery_layout&quot;:&quot;grid&quot;,&quot;columns&quot;:4,&quot;columns_tablet&quot;:2,&quot;columns_mobile&quot;:1,&quot;gap&quot;:{&quot;unit&quot;:&quot;px&quot;,&quot;size&quot;:10,&quot;sizes&quot;:[]},&quot;gap_tablet&quot;:{&quot;unit&quot;:&quot;px&quot;,&quot;size&quot;:10,&quot;sizes&quot;:[]},&quot;gap_mobile&quot;:{&quot;unit&quot;:&quot;px&quot;,&quot;size&quot;:10,&quot;sizes&quot;:[]},&quot;link_to&quot;:&quot;file&quot;,&quot;aspect_ratio&quot;:&quot;3:2&quot;,&quot;overlay_background&quot;:&quot;yes&quot;,&quot;content_hover_animation&quot;:&quot;fade-in&quot;}\" data-widget_type=\"gallery.default\">\n\t\t\t\t<div class=\"elementor-widget-container\">\n\t\t\t\t\t\t\t<div class=\"elementor-gallery__container\">\n\t\t\t\t\t\t\t<a class=\"e-gallery-item elementor-gallery-item elementor-animated-content\" href=\"https:\/\/mlob4660sih2.i.optimole.com\/cb:hB7A.2a1\/w:auto\/h:auto\/q:mauto\/f:best\/https:\/\/mobila.md\/wp-content\/uploads\/2025\/03\/scaune-mese-personalizate-1-scaled.jpeg\" data-elementor-open-lightbox=\"yes\" data-elementor-lightbox-slideshow=\"bdb67a2\" data-elementor-lightbox-title=\"scaune - mese personalizate (1)\" data-e-action-hash=\"#elementor-action%3Aaction%3Dlightbox%26settings%3DeyJpZCI6OTg5ODQ1LCJ1cmwiOiJodHRwczpcL1wvbW9iaWxhLm1kXC93cC1jb250ZW50XC91cGxvYWRzXC8yMDI1XC8wM1wvc2NhdW5lLW1lc2UtcGVyc29uYWxpemF0ZS0xLXNjYWxlZC5qcGVnIiwic2xpZGVzaG93IjoiYmRiNjdhMiJ9\">\n\t\t\t\t\t<div class=\"e-gallery-image elementor-gallery-item__image\" data-thumbnail=\"https:\/\/mlob4660sih2.i.optimole.com\/cb:hB7A.2a1\/w:300\/h:300\/q:mauto\/f:best\/https:\/\/mobila.md\/wp-content\/uploads\/2025\/03\/scaune-mese-personalizate-1.jpeg\" data-width=\"300\" data-height=\"300\" aria-label=\"\" role=\"img\" ><\/div>\n\t\t\t\t\t\t\t\t\t\t\t<div class=\"elementor-gallery-item__overlay\"><\/div>\n\t\t\t\t\t\t\t\t\t\t\t\t\t\t<\/a>\n\t\t\t\t\t\t\t<a class=\"e-gallery-item elementor-gallery-item elementor-animated-content\" href=\"https:\/\/mlob4660sih2.i.optimole.com\/cb:hB7A.2a1\/w:auto\/h:auto\/q:mauto\/f:best\/https:\/\/mobila.md\/wp-content\/uploads\/2025\/03\/scaune-mese-personalizate-9-scaled.jpeg\" data-elementor-open-lightbox=\"yes\" data-elementor-lightbox-slideshow=\"bdb67a2\" data-elementor-lightbox-title=\"scaune - mese personalizate (9)\" data-e-action-hash=\"#elementor-action%3Aaction%3Dlightbox%26settings%3DeyJpZCI6OTg5ODQzLCJ1cmwiOiJodHRwczpcL1wvbW9iaWxhLm1kXC93cC1jb250ZW50XC91cGxvYWRzXC8yMDI1XC8wM1wvc2NhdW5lLW1lc2UtcGVyc29uYWxpemF0ZS05LXNjYWxlZC5qcGVnIiwic2xpZGVzaG93IjoiYmRiNjdhMiJ9\">\n\t\t\t\t\t<div class=\"e-gallery-image elementor-gallery-item__image\" data-thumbnail=\"https:\/\/mlob4660sih2.i.optimole.com\/cb:hB7A.2a1\/w:300\/h:300\/q:mauto\/f:best\/https:\/\/mobila.md\/wp-content\/uploads\/2025\/03\/scaune-mese-personalizate-9.jpeg\" data-width=\"300\" data-height=\"300\" aria-label=\"\" role=\"img\" ><\/div>\n\t\t\t\t\t\t\t\t\t\t\t<div class=\"elementor-gallery-item__overlay\"><\/div>\n\t\t\t\t\t\t\t\t\t\t\t\t\t\t<\/a>\n\t\t\t\t\t\t\t<a class=\"e-gallery-item elementor-gallery-item elementor-animated-content\" href=\"https:\/\/mlob4660sih2.i.optimole.com\/cb:hB7A.2a1\/w:auto\/h:auto\/q:mauto\/f:best\/https:\/\/mobila.md\/wp-content\/uploads\/2025\/03\/scaune-mese-personalizate-8-scaled.jpeg\" data-elementor-open-lightbox=\"yes\" data-elementor-lightbox-slideshow=\"bdb67a2\" data-elementor-lightbox-title=\"scaune - mese personalizate (8)\" data-e-action-hash=\"#elementor-action%3Aaction%3Dlightbox%26settings%3DeyJpZCI6OTg5ODQyLCJ1cmwiOiJodHRwczpcL1wvbW9iaWxhLm1kXC93cC1jb250ZW50XC91cGxvYWRzXC8yMDI1XC8wM1wvc2NhdW5lLW1lc2UtcGVyc29uYWxpemF0ZS04LXNjYWxlZC5qcGVnIiwic2xpZGVzaG93IjoiYmRiNjdhMiJ9\">\n\t\t\t\t\t<div class=\"e-gallery-image elementor-gallery-item__image\" data-thumbnail=\"https:\/\/mlob4660sih2.i.optimole.com\/cb:hB7A.2a1\/w:300\/h:300\/q:mauto\/f:best\/https:\/\/mobila.md\/wp-content\/uploads\/2025\/03\/scaune-mese-personalizate-8.jpeg\" data-width=\"300\" data-height=\"300\" aria-label=\"\" role=\"img\" ><\/div>\n\t\t\t\t\t\t\t\t\t\t\t<div class=\"elementor-gallery-item__overlay\"><\/div>\n\t\t\t\t\t\t\t\t\t\t\t\t\t\t<\/a>\n\t\t\t\t\t\t\t<a class=\"e-gallery-item elementor-gallery-item elementor-animated-content\" href=\"https:\/\/mlob4660sih2.i.optimole.com\/cb:hB7A.2a1\/w:auto\/h:auto\/q:mauto\/f:best\/https:\/\/mobila.md\/wp-content\/uploads\/2025\/03\/scaune-mese-personalizate-7-scaled.jpeg\" data-elementor-open-lightbox=\"yes\" data-elementor-lightbox-slideshow=\"bdb67a2\" data-elementor-lightbox-title=\"scaune - mese personalizate (7)\" data-e-action-hash=\"#elementor-action%3Aaction%3Dlightbox%26settings%3DeyJpZCI6OTg5ODQxLCJ1cmwiOiJodHRwczpcL1wvbW9iaWxhLm1kXC93cC1jb250ZW50XC91cGxvYWRzXC8yMDI1XC8wM1wvc2NhdW5lLW1lc2UtcGVyc29uYWxpemF0ZS03LXNjYWxlZC5qcGVnIiwic2xpZGVzaG93IjoiYmRiNjdhMiJ9\">\n\t\t\t\t\t<div class=\"e-gallery-image elementor-gallery-item__image\" data-thumbnail=\"https:\/\/mlob4660sih2.i.optimole.com\/cb:hB7A.2a1\/w:300\/h:300\/q:mauto\/f:best\/https:\/\/mobila.md\/wp-content\/uploads\/2025\/03\/scaune-mese-personalizate-7.jpeg\" data-width=\"300\" data-height=\"300\" aria-label=\"\" role=\"img\" ><\/div>\n\t\t\t\t\t\t\t\t\t\t\t<div class=\"elementor-gallery-item__overlay\"><\/div>\n\t\t\t\t\t\t\t\t\t\t\t\t\t\t<\/a>\n\t\t\t\t\t\t\t<a class=\"e-gallery-item elementor-gallery-item elementor-animated-content\" href=\"https:\/\/mlob4660sih2.i.optimole.com\/cb:hB7A.2a1\/w:auto\/h:auto\/q:mauto\/f:best\/https:\/\/mobila.md\/wp-content\/uploads\/2025\/03\/scaune-mese-personalizate-6-scaled.jpeg\" data-elementor-open-lightbox=\"yes\" data-elementor-lightbox-slideshow=\"bdb67a2\" data-elementor-lightbox-title=\"scaune - mese personalizate (6)\" data-e-action-hash=\"#elementor-action%3Aaction%3Dlightbox%26settings%3DeyJpZCI6OTg5ODQwLCJ1cmwiOiJodHRwczpcL1wvbW9iaWxhLm1kXC93cC1jb250ZW50XC91cGxvYWRzXC8yMDI1XC8wM1wvc2NhdW5lLW1lc2UtcGVyc29uYWxpemF0ZS02LXNjYWxlZC5qcGVnIiwic2xpZGVzaG93IjoiYmRiNjdhMiJ9\">\n\t\t\t\t\t<div class=\"e-gallery-image elementor-gallery-item__image\" data-thumbnail=\"https:\/\/mlob4660sih2.i.optimole.com\/cb:hB7A.2a1\/w:300\/h:300\/q:mauto\/f:best\/https:\/\/mobila.md\/wp-content\/uploads\/2025\/03\/scaune-mese-personalizate-6.jpeg\" data-width=\"300\" data-height=\"300\" aria-label=\"\" role=\"img\" ><\/div>\n\t\t\t\t\t\t\t\t\t\t\t<div class=\"elementor-gallery-item__overlay\"><\/div>\n\t\t\t\t\t\t\t\t\t\t\t\t\t\t<\/a>\n\t\t\t\t\t\t\t<a class=\"e-gallery-item elementor-gallery-item elementor-animated-content\" href=\"https:\/\/mlob4660sih2.i.optimole.com\/cb:hB7A.2a1\/w:auto\/h:auto\/q:mauto\/f:best\/https:\/\/mobila.md\/wp-content\/uploads\/2025\/03\/scaune-mese-personalizate-4-scaled.jpeg\" data-elementor-open-lightbox=\"yes\" data-elementor-lightbox-slideshow=\"bdb67a2\" data-elementor-lightbox-title=\"scaune - mese personalizate (4)\" data-e-action-hash=\"#elementor-action%3Aaction%3Dlightbox%26settings%3DeyJpZCI6OTg5ODM4LCJ1cmwiOiJodHRwczpcL1wvbW9iaWxhLm1kXC93cC1jb250ZW50XC91cGxvYWRzXC8yMDI1XC8wM1wvc2NhdW5lLW1lc2UtcGVyc29uYWxpemF0ZS00LXNjYWxlZC5qcGVnIiwic2xpZGVzaG93IjoiYmRiNjdhMiJ9\">\n\t\t\t\t\t<div class=\"e-gallery-image elementor-gallery-item__image\" data-thumbnail=\"https:\/\/mlob4660sih2.i.optimole.com\/cb:hB7A.2a1\/w:300\/h:300\/q:mauto\/f:best\/https:\/\/mobila.md\/wp-content\/uploads\/2025\/03\/scaune-mese-personalizate-4.jpeg\" data-width=\"300\" data-height=\"300\" aria-label=\"\" role=\"img\" ><\/div>\n\t\t\t\t\t\t\t\t\t\t\t<div class=\"elementor-gallery-item__overlay\"><\/div>\n\t\t\t\t\t\t\t\t\t\t\t\t\t\t<\/a>\n\t\t\t\t\t\t\t<a class=\"e-gallery-item elementor-gallery-item elementor-animated-content\" href=\"https:\/\/mlob4660sih2.i.optimole.com\/cb:hB7A.2a1\/w:auto\/h:auto\/q:mauto\/f:best\/https:\/\/mobila.md\/wp-content\/uploads\/2025\/03\/scaune-mese-personalizate-3-scaled.jpeg\" data-elementor-open-lightbox=\"yes\" data-elementor-lightbox-slideshow=\"bdb67a2\" data-elementor-lightbox-title=\"scaune - mese personalizate (3)\" data-e-action-hash=\"#elementor-action%3Aaction%3Dlightbox%26settings%3DeyJpZCI6OTg5ODM3LCJ1cmwiOiJodHRwczpcL1wvbW9iaWxhLm1kXC93cC1jb250ZW50XC91cGxvYWRzXC8yMDI1XC8wM1wvc2NhdW5lLW1lc2UtcGVyc29uYWxpemF0ZS0zLXNjYWxlZC5qcGVnIiwic2xpZGVzaG93IjoiYmRiNjdhMiJ9\">\n\t\t\t\t\t<div class=\"e-gallery-image elementor-gallery-item__image\" data-thumbnail=\"https:\/\/mlob4660sih2.i.optimole.com\/cb:hB7A.2a1\/w:300\/h:300\/q:mauto\/f:best\/https:\/\/mobila.md\/wp-content\/uploads\/2025\/03\/scaune-mese-personalizate-3.jpeg\" data-width=\"300\" data-height=\"300\" aria-label=\"\" role=\"img\" ><\/div>\n\t\t\t\t\t\t\t\t\t\t\t<div class=\"elementor-gallery-item__overlay\"><\/div>\n\t\t\t\t\t\t\t\t\t\t\t\t\t\t<\/a>\n\t\t\t\t\t\t\t<a class=\"e-gallery-item elementor-gallery-item elementor-animated-content\" href=\"https:\/\/mlob4660sih2.i.optimole.com\/cb:hB7A.2a1\/w:auto\/h:auto\/q:mauto\/f:best\/https:\/\/mobila.md\/wp-content\/uploads\/2025\/03\/scaune-mese-personalizate-2-scaled.jpeg\" data-elementor-open-lightbox=\"yes\" data-elementor-lightbox-slideshow=\"bdb67a2\" data-elementor-lightbox-title=\"scaune - mese personalizate (2)\" data-e-action-hash=\"#elementor-action%3Aaction%3Dlightbox%26settings%3DeyJpZCI6OTg5ODM2LCJ1cmwiOiJodHRwczpcL1wvbW9iaWxhLm1kXC93cC1jb250ZW50XC91cGxvYWRzXC8yMDI1XC8wM1wvc2NhdW5lLW1lc2UtcGVyc29uYWxpemF0ZS0yLXNjYWxlZC5qcGVnIiwic2xpZGVzaG93IjoiYmRiNjdhMiJ9\">\n\t\t\t\t\t<div class=\"e-gallery-image elementor-gallery-item__image\" data-thumbnail=\"https:\/\/mlob4660sih2.i.optimole.com\/cb:hB7A.2a1\/w:300\/h:300\/q:mauto\/f:best\/https:\/\/mobila.md\/wp-content\/uploads\/2025\/03\/scaune-mese-personalizate-2.jpeg\" data-width=\"300\" data-height=\"300\" aria-label=\"\" role=\"img\" ><\/div>\n\t\t\t\t\t\t\t\t\t\t\t<div class=\"elementor-gallery-item__overlay\"><\/div>\n\t\t\t\t\t\t\t\t\t\t\t\t\t\t<\/a>\n\t\t\t\t\t<\/div>\n\t\t\t\t\t<\/div>\n\t\t\t\t<\/div>\n\t\t\t\t\t<\/div>\n\t\t\t\t<\/div>\n\t\t<div class=\"elementor-element elementor-element-ee3c576 e-flex e-con-boxed e-con e-parent\" data-id=\"ee3c576\" data-element_type=\"container\" data-e-type=\"container\">\n\t\t\t\t\t<div class=\"e-con-inner\">\n\t\t\t\t<div class=\"elementor-element elementor-element-165b83e elementor-widget elementor-widget-spacer\" data-id=\"165b83e\" data-element_type=\"widget\" data-e-type=\"widget\" data-widget_type=\"spacer.default\">\n\t\t\t\t<div class=\"elementor-widget-container\">\n\t\t\t\t\t\t\t<div class=\"elementor-spacer\">\n\t\t\t<div class=\"elementor-spacer-inner\"><\/div>\n\t\t<\/div>\n\t\t\t\t\t\t<\/div>\n\t\t\t\t<\/div>\n\t\t\t\t\t<\/div>\n\t\t\t\t<\/div>\n\t\t<div class=\"elementor-element elementor-element-487c777 e-flex e-con-boxed e-con e-parent\" data-id=\"487c777\" data-element_type=\"container\" data-e-type=\"container\">\n\t\t\t\t\t<div class=\"e-con-inner\">\n\t\t\t\t<div class=\"vamtam-has-theme-widget-styles elementor-element elementor-element-e7aeeaa elementor-widget elementor-widget-text-editor\" data-id=\"e7aeeaa\" data-element_type=\"widget\" data-e-type=\"widget\" data-widget_type=\"text-editor.default\">\n\t\t\t\t<div class=\"elementor-widget-container\">\n\t\t\t\t\t\t\t\t\t<p><b>Mas\u0103 \u0219i scaune personalizate<\/b><\/p><p><span style=\"font-weight: 400;\">Recent, am realizat un proiect special pentru un client care \u00ee\u0219i dorea mobilier unic, adaptat perfect buc\u0103t\u0103riei \u0219i zonei de bar din locuin\u021ba sa. Rezultatul? <\/span><b>O mas\u0103 elegant\u0103 din lemn masiv, patru scaune personalizate pentru buc\u0103t\u0103rie \u0219i dou\u0103 scaune pentru bar<\/b><span style=\"font-weight: 400;\">, toate create cu aten\u021bie la detalii \u0219i materiale de calitate.<\/span><\/p><p><span style=\"font-weight: 400;\">\u00a0<\/span><b>Masa din lemn masiv<\/b><span style=\"font-weight: 400;\"> \u2013 robust\u0103, durabil\u0103 \u0219i cu un design clasic, adaptat\u0103 spa\u021biului \u0219i stilului dorit de client.<\/span><\/p><p><span style=\"font-weight: 400;\">\ud83e\ude91<\/span> <b>Scaunele pentru buc\u0103t\u0103rie<\/b><span style=\"font-weight: 400;\"> \u2013 confortabile, personalizate cu o stof\u0103 aleas\u0103 de client, pentru un aspect armonios \u0219i elegant.<\/span><\/p><p><span style=\"font-weight: 400;\">\ud83c\udf77<\/span> <b>Scaunele pentru bar<\/b><span style=\"font-weight: 400;\"> \u2013 moderne \u0219i ergonomice, perfecte pentru un plus de stil \u0219i func\u021bionalitate \u00een zona de bar.<\/span><\/p><p><span style=\"font-weight: 400;\">Fiecare pies\u0103 a fost realizat\u0103 combin\u00e2nd <\/span><b>func\u021bionalitatea cu estetica<\/b><span style=\"font-weight: 400;\"> pentru a crea un ambient unic \u0219i rafinat. Dac\u0103 \u0219i tu \u00ee\u021bi dore\u0219ti mobilier personalizat, realizat din materiale premium, contacteaz\u0103-ne \u0219i transform\u0103-\u021bi casa \u00eentr-un spa\u021biu deosebit!<\/span><\/p><p><span style=\"font-weight: 400;\">\ud83d\udce9<\/span> <b>Scrie-ne pentru o ofert\u0103 personalizat\u0103!<\/b><\/p>\t\t\t\t\t\t\t\t<\/div>\n\t\t\t\t<\/div>\n\t\t\t\t\t<\/div>\n\t\t\t\t<\/div>\n\t\t\t\t<\/div>\n\t\t","protected":false},"excerpt":{"rendered":"<p>Mas\u0103 \u0219i scaune personalizate Recent, am realizat un proiect special pentru un client care \u00ee\u0219i dorea mobilier unic, adaptat perfect buc\u0103t\u0103riei \u0219i zonei de bar din locuin\u021ba sa. Rezultatul? O mas\u0103 elegant\u0103 din lemn masiv, patru scaune personalizate pentru buc\u0103t\u0103rie \u0219i dou\u0103 scaune pentru bar, toate create cu aten\u021bie la detalii \u0219i materiale de calitate&#8230;.<\/p>\n","protected":false},"author":4,"featured_media":0,"parent":0,"menu_order":0,"comment_status":"closed","ping_status":"closed","template":"","meta":{"footnotes":""},"class_list":["post-989872","page","type-page","status-publish","hentry"],"yoast_head":"<!-- This site is optimized with the Yoast SEO Premium plugin v24.7 (Yoast SEO v26.9) - https:\/\/yoast.com\/product\/yoast-seo-premium-wordpress\/ -->\n<title>Mese \u0219i scaune personalizate<\/title>\n<meta name=\"description\" content=\"Mas\u0103 \u0219i scaune personalizateRecent, am realizat un proiect special pentru un client care \u00ee\u0219i dorea mobilier unic, adaptat perfect buc\u0103t\u0103riei \u0219i zonei de bar din locuin\u021ba sa. Rezultatul? O mas\u0103 elegant\u0103 din lemn masiv, patru scaune personalizate pentru buc\u0103t\u0103rie \u0219i dou\u0103 scaune pentru bar, toate create cu aten\u021bie la detalii \u0219i materiale de calitate.\u00a0Masa din&hellip;\" \/>\n<meta name=\"robots\" content=\"index, follow, max-snippet:-1, max-image-preview:large, max-video-preview:-1\" \/>\n<link rel=\"canonical\" href=\"http:\/\/Mas\u0103%20\u0219i%20scaune%20personalizateRecent,%20am%20realizat%20un%20proiect%20special%20pentru%20un%20client%20care%20\u00ee\u0219i%20dorea%20mobilier%20unic,%20adaptat%20perfect%20buc\u0103t\u0103riei%20\u0219i%20zonei%20de%20bar%20din%20locuin\u021ba%20sa.%20Rezultatul?%20O%20mas\u0103%20elegant\u0103%20din%20lemn%20masiv,%20patru%20scaune%20personalizate%20pentru%20buc\u0103t\u0103rie%20\u0219i%20dou\u0103%20scaune%20pentru%20bar,%20toate%20create%20cu%20aten\u021bie%20la%20detalii%20\u0219i%20materiale%20de%20calitate.\u00a0Masa%20din&hellip;\" \/>\n<meta property=\"og:locale\" content=\"ru_RU\" \/>\n<meta property=\"og:type\" content=\"article\" \/>\n<meta property=\"og:title\" content=\"Mese \u0219i scaune personalizate\" \/>\n<meta property=\"og:description\" content=\"Mas\u0103 \u0219i scaune personalizateRecent, am realizat un proiect special pentru un client care \u00ee\u0219i dorea mobilier unic, adaptat perfect buc\u0103t\u0103riei \u0219i zonei de bar din locuin\u021ba sa. Rezultatul? O mas\u0103 elegant\u0103 din lemn masiv, patru scaune personalizate pentru buc\u0103t\u0103rie \u0219i dou\u0103 scaune pentru bar, toate create cu aten\u021bie la detalii \u0219i materiale de calitate.\u00a0Masa din&hellip;\" \/>\n<meta property=\"og:url\" content=\"https:\/\/mobila.md\/ru\/mese-si-scaune-personalizate\/\" \/>\n<meta property=\"og:site_name\" content=\"ERGOLEMN\" \/>\n<meta property=\"article:publisher\" content=\"https:\/\/www.facebook.com\/ergolemn?locale=ru_RU\" \/>\n<meta property=\"article:modified_time\" content=\"2025-03-27T09:29:44+00:00\" \/>\n<meta name=\"twitter:card\" content=\"summary_large_image\" \/>\n<meta name=\"twitter:label1\" content=\"\u041f\u0440\u0438\u043c\u0435\u0440\u043d\u043e\u0435 \u0432\u0440\u0435\u043c\u044f \u0434\u043b\u044f \u0447\u0442\u0435\u043d\u0438\u044f\" \/>\n\t<meta name=\"twitter:data1\" content=\"1 \u043c\u0438\u043d\u0443\u0442\u0430\" \/>\n<script type=\"application\/ld+json\" class=\"yoast-schema-graph\">{\"@context\":\"https:\/\/schema.org\",\"@graph\":[{\"@type\":\"WebPage\",\"@id\":\"https:\/\/mobila.md\/ru\/mese-si-scaune-personalizate\/\",\"url\":\"https:\/\/mobila.md\/ru\/mese-si-scaune-personalizate\/\",\"name\":\"Mese \u0219i scaune personalizate - ERGOLEMN\",\"isPartOf\":{\"@id\":\"https:\/\/mobila.md\/#website\"},\"datePublished\":\"2025-03-27T09:26:21+00:00\",\"dateModified\":\"2025-03-27T09:29:44+00:00\",\"breadcrumb\":{\"@id\":\"https:\/\/mobila.md\/ru\/mese-si-scaune-personalizate\/#breadcrumb\"},\"inLanguage\":\"ru-RU\",\"potentialAction\":[{\"@type\":\"ReadAction\",\"target\":[\"https:\/\/mobila.md\/ru\/mese-si-scaune-personalizate\/\"]}]},{\"@type\":\"BreadcrumbList\",\"@id\":\"https:\/\/mobila.md\/ru\/mese-si-scaune-personalizate\/#breadcrumb\",\"itemListElement\":[{\"@type\":\"ListItem\",\"position\":1,\"name\":\"\u0413\u043b\u0430\u0432\u043d\u0430\u044f\",\"item\":\"https:\/\/mobila.md\/\"},{\"@type\":\"ListItem\",\"position\":2,\"name\":\"Mese \u0219i scaune personalizate\"}]},{\"@type\":\"WebSite\",\"@id\":\"https:\/\/mobila.md\/ru\/#website\",\"url\":\"https:\/\/mobila.md\/ru\/\",\"name\":\"ERGOLEMN\",\"description\":\"\",\"publisher\":{\"@id\":\"https:\/\/mobila.md\/ru\/#organization\"},\"potentialAction\":[{\"@type\":\"SearchAction\",\"target\":{\"@type\":\"EntryPoint\",\"urlTemplate\":\"https:\/\/mobila.md\/ru\/?s={search_term_string}\"},\"query-input\":{\"@type\":\"PropertyValueSpecification\",\"valueRequired\":true,\"valueName\":\"search_term_string\"}}],\"inLanguage\":\"ru-RU\"},{\"@type\":\"Organization\",\"@id\":\"https:\/\/mobila.md\/ru\/#organization\",\"name\":\"ERGOLEMN SRL\",\"url\":\"https:\/\/mobila.md\/ru\/\",\"logo\":{\"@type\":\"ImageObject\",\"inLanguage\":\"ru-RU\",\"@id\":\"https:\/\/mobila.md\/ru\/#\/schema\/logo\/image\/\",\"url\":\"https:\/\/mlob4660sih2.i.optimole.com\/cb:hB7A.2a1\/w:auto\/h:auto\/q:mauto\/f:best\/https:\/\/mobila.md\/wp-content\/uploads\/2024\/03\/logo-ergolemn-site-1.png\",\"contentUrl\":\"https:\/\/mlob4660sih2.i.optimole.com\/cb:hB7A.2a1\/w:auto\/h:auto\/q:mauto\/f:best\/https:\/\/mobila.md\/wp-content\/uploads\/2024\/03\/logo-ergolemn-site-1.png\",\"width\":350,\"height\":100,\"caption\":\"ERGOLEMN SRL\"},\"image\":{\"@id\":\"https:\/\/mobila.md\/ru\/#\/schema\/logo\/image\/\"},\"sameAs\":[\"https:\/\/www.facebook.com\/ergolemn?locale=ru_RU\",\"https:\/\/www.instagram.com\/ergolemnmoldova\/\"]}]}<\/script>\n<!-- \/ Yoast SEO Premium plugin. -->","yoast_head_json":{"title":"Mese \u0219i scaune personalizate","description":"Mas\u0103 \u0219i scaune personalizateRecent, am realizat un proiect special pentru un client care \u00ee\u0219i dorea mobilier unic, adaptat perfect buc\u0103t\u0103riei \u0219i zonei de bar din locuin\u021ba sa. Rezultatul? O mas\u0103 elegant\u0103 din lemn masiv, patru scaune personalizate pentru buc\u0103t\u0103rie \u0219i dou\u0103 scaune pentru bar, toate create cu aten\u021bie la detalii \u0219i materiale de calitate.\u00a0Masa din&hellip;","robots":{"index":"index","follow":"follow","max-snippet":"max-snippet:-1","max-image-preview":"max-image-preview:large","max-video-preview":"max-video-preview:-1"},"canonical":"Mas\u0103 \u0219i scaune personalizateRecent, am realizat un proiect special pentru un client care \u00ee\u0219i dorea mobilier unic, adaptat perfect buc\u0103t\u0103riei \u0219i zonei de bar din locuin\u021ba sa. Rezultatul? O mas\u0103 elegant\u0103 din lemn masiv, patru scaune personalizate pentru buc\u0103t\u0103rie \u0219i dou\u0103 scaune pentru bar, toate create cu aten\u021bie la detalii \u0219i materiale de calitate.\u00a0Masa din&hellip;","og_locale":"ru_RU","og_type":"article","og_title":"Mese \u0219i scaune personalizate","og_description":"Mas\u0103 \u0219i scaune personalizateRecent, am realizat un proiect special pentru un client care \u00ee\u0219i dorea mobilier unic, adaptat perfect buc\u0103t\u0103riei \u0219i zonei de bar din locuin\u021ba sa. Rezultatul? O mas\u0103 elegant\u0103 din lemn masiv, patru scaune personalizate pentru buc\u0103t\u0103rie \u0219i dou\u0103 scaune pentru bar, toate create cu aten\u021bie la detalii \u0219i materiale de calitate.\u00a0Masa din&hellip;","og_url":"https:\/\/mobila.md\/ru\/mese-si-scaune-personalizate\/","og_site_name":"ERGOLEMN","article_publisher":"https:\/\/www.facebook.com\/ergolemn?locale=ru_RU","article_modified_time":"2025-03-27T09:29:44+00:00","twitter_card":"summary_large_image","twitter_misc":{"\u041f\u0440\u0438\u043c\u0435\u0440\u043d\u043e\u0435 \u0432\u0440\u0435\u043c\u044f \u0434\u043b\u044f \u0447\u0442\u0435\u043d\u0438\u044f":"1 \u043c\u0438\u043d\u0443\u0442\u0430"},"schema":{"@context":"https:\/\/schema.org","@graph":[{"@type":"WebPage","@id":"https:\/\/mobila.md\/ru\/mese-si-scaune-personalizate\/","url":"https:\/\/mobila.md\/ru\/mese-si-scaune-personalizate\/","name":"Mese \u0219i scaune personalizate - ERGOLEMN","isPartOf":{"@id":"https:\/\/mobila.md\/#website"},"datePublished":"2025-03-27T09:26:21+00:00","dateModified":"2025-03-27T09:29:44+00:00","breadcrumb":{"@id":"https:\/\/mobila.md\/ru\/mese-si-scaune-personalizate\/#breadcrumb"},"inLanguage":"ru-RU","potentialAction":[{"@type":"ReadAction","target":["https:\/\/mobila.md\/ru\/mese-si-scaune-personalizate\/"]}]},{"@type":"BreadcrumbList","@id":"https:\/\/mobila.md\/ru\/mese-si-scaune-personalizate\/#breadcrumb","itemListElement":[{"@type":"ListItem","position":1,"name":"\u0413\u043b\u0430\u0432\u043d\u0430\u044f","item":"https:\/\/mobila.md\/"},{"@type":"ListItem","position":2,"name":"Mese \u0219i scaune personalizate"}]},{"@type":"WebSite","@id":"https:\/\/mobila.md\/ru\/#website","url":"https:\/\/mobila.md\/ru\/","name":"ERGOLEMN","description":"","publisher":{"@id":"https:\/\/mobila.md\/ru\/#organization"},"potentialAction":[{"@type":"SearchAction","target":{"@type":"EntryPoint","urlTemplate":"https:\/\/mobila.md\/ru\/?s={search_term_string}"},"query-input":{"@type":"PropertyValueSpecification","valueRequired":true,"valueName":"search_term_string"}}],"inLanguage":"ru-RU"},{"@type":"Organization","@id":"https:\/\/mobila.md\/ru\/#organization","name":"ERGOLEMN SRL","url":"https:\/\/mobila.md\/ru\/","logo":{"@type":"ImageObject","inLanguage":"ru-RU","@id":"https:\/\/mobila.md\/ru\/#\/schema\/logo\/image\/","url":"https:\/\/mlob4660sih2.i.optimole.com\/cb:hB7A.2a1\/w:auto\/h:auto\/q:mauto\/f:best\/https:\/\/mobila.md\/wp-content\/uploads\/2024\/03\/logo-ergolemn-site-1.png","contentUrl":"https:\/\/mlob4660sih2.i.optimole.com\/cb:hB7A.2a1\/w:auto\/h:auto\/q:mauto\/f:best\/https:\/\/mobila.md\/wp-content\/uploads\/2024\/03\/logo-ergolemn-site-1.png","width":350,"height":100,"caption":"ERGOLEMN SRL"},"image":{"@id":"https:\/\/mobila.md\/ru\/#\/schema\/logo\/image\/"},"sameAs":["https:\/\/www.facebook.com\/ergolemn?locale=ru_RU","https:\/\/www.instagram.com\/ergolemnmoldova\/"]}]}},"_links":{"self":[{"href":"https:\/\/mobila.md\/ru\/wp-json\/wp\/v2\/pages\/989872","targetHints":{"allow":["GET"]}}],"collection":[{"href":"https:\/\/mobila.md\/ru\/wp-json\/wp\/v2\/pages"}],"about":[{"href":"https:\/\/mobila.md\/ru\/wp-json\/wp\/v2\/types\/page"}],"author":[{"embeddable":true,"href":"https:\/\/mobila.md\/ru\/wp-json\/wp\/v2\/users\/4"}],"replies":[{"embeddable":true,"href":"https:\/\/mobila.md\/ru\/wp-json\/wp\/v2\/comments?post=989872"}],"version-history":[{"count":4,"href":"https:\/\/mobila.md\/ru\/wp-json\/wp\/v2\/pages\/989872\/revisions"}],"predecessor-version":[{"id":989876,"href":"https:\/\/mobila.md\/ru\/wp-json\/wp\/v2\/pages\/989872\/revisions\/989876"}],"wp:attachment":[{"href":"https:\/\/mobila.md\/ru\/wp-json\/wp\/v2\/media?parent=989872"}],"curies":[{"name":"wp","href":"https:\/\/api.w.org\/{rel}","templated":true}]}}