{"id":989745,"date":"2025-03-22T18:22:14","date_gmt":"2025-03-22T15:22:14","guid":{"rendered":"https:\/\/mobila.md\/product\/\/"},"modified":"2026-01-20T17:21:34","modified_gmt":"2026-01-20T14:21:34","slug":"scaunul-verona","status":"publish","type":"product","link":"https:\/\/mobila.md\/en\/product\/scaunul-verona\/","title":{"rendered":"Scaun Verona"},"content":{"rendered":"<div class=\"vgblk-rw-wrapper limit-wrapper\">\n<p>\u00a0<\/p>\n<p class=\"\" data-start=\"0\" data-end=\"59\"><strong data-start=\"0\" data-end=\"59\">Scaunul Verona \u2013 Elegan\u021b\u0103 clasic\u0103 \u0219i rafinament atemporal<\/strong><\/p>\n<p class=\"\" data-start=\"61\" data-end=\"403\">Scaunul Verona aduce \u00een orice interior o not\u0103 de noble\u021be discret\u0103, inspirat\u0103 din elegan\u021ba mobilierului clasic reinterpretat \u00eentr-o manier\u0103 modern\u0103. Forma u\u0219or curbat\u0103 a sp\u0103tarului \u0219i liniile fluide ale picioarelor \u00eel transform\u0103 \u00eentr-o pies\u0103 de mobilier cu personalitate, ideal\u0103 pentru s\u0103li de mese rafinate sau interioare cu aer aristocratic.<\/p>\n<p class=\"\" data-start=\"405\" data-end=\"650\">Tapi\u021beria moale, pl\u0103cut\u0103 la atingere, completeaz\u0103 armonios structura solid\u0103 din lemn masiv, oferind at\u00e2t confort sporit c\u00e2t \u0219i durabilitate. Finisajele atent realizate eviden\u021biaz\u0103 aten\u021bia la detalii \u0219i contribuie la un aspect sofisticat \u0219i cald.<\/p>\n<p class=\"\" data-start=\"1499\" data-end=\"1835\">Scaunul Verona este disponibil \u00eentr-o varietate de culori \u0219i materiale, astfel \u00eenc\u00e2t s\u0103 se potriveasc\u0103 armonios cu mobilierul existent din locuin\u021ba ta. \u00cel po\u021bi integra cu u\u0219urin\u021b\u0103 \u00eentr-o amenajare cu accente vintage, clasice sau chiar contemporane. Este ideal pentru cei care doresc un plus de confort f\u0103r\u0103 a face compromisuri estetice.<\/p>\n<p class=\"\" data-start=\"1837\" data-end=\"2106\">Pe l\u00e2ng\u0103 aspectul s\u0103u nobil, scaunul este proiectat s\u0103 reziste \u00een timp, fiind potrivit at\u00e2t pentru uz casnic, c\u00e2t \u0219i pentru spa\u021bii HoReCa. Fie c\u0103 este amplasat \u00eentr-un living elegant sau \u00eentr-un restaurant stilat, Scaunul Verona adaug\u0103 un aer de distinc\u021bie \u0219i bun gust.<\/p>\n<p class=\"\" data-start=\"652\" data-end=\"677\"><strong data-start=\"652\" data-end=\"677\">Caracteristici cheie:<\/strong><\/p>\n<ul data-start=\"679\" data-end=\"979\">\n<li class=\"\" data-start=\"679\" data-end=\"745\">\n<p class=\"\" data-start=\"681\" data-end=\"745\">Design clasic reinterpretat, cu forme elegante \u0219i detalii fine<\/p>\n<\/li>\n<li class=\"\" data-start=\"746\" data-end=\"796\">\n<p class=\"\" data-start=\"748\" data-end=\"796\">Cadru robust din lemn masiv, durabil \u0219i stabil<\/p>\n<\/li>\n<li class=\"\" data-start=\"797\" data-end=\"862\">\n<p class=\"\" data-start=\"799\" data-end=\"862\">Tapi\u021berie textil\u0103 de calitate superioar\u0103, moale \u0219i rezistent\u0103<\/p>\n<\/li>\n<li class=\"\" data-start=\"863\" data-end=\"907\">\n<p class=\"\" data-start=\"865\" data-end=\"907\">Sp\u0103tar ergonomic pentru sus\u021binere optim\u0103<\/p>\n<\/li>\n<li class=\"\" data-start=\"908\" data-end=\"979\">\n<p class=\"\" data-start=\"910\" data-end=\"979\">Ideal pentru interioare tradi\u021bionale sau moderne cu accente clasice<\/p>\n<\/li>\n<\/ul>\n<h3 style=\"text-align: center\"><span style=\"color: #ff0000\">Costurile pot varia \u00een functie de configuratie \u0219i \u021bes\u0103turi<\/span><\/h3>\n<p style=\"text-align: center\"><a class=\"solicitat-oferta\" href=\"#popmake-989604\">Solicit\u0103<\/a><\/p>\n<p><img data-opt-id=628015810  fetchpriority=\"high\" decoding=\"async\" class=\"aligncenter size-full wp-image-989750\" src=\"https:\/\/mlob4660sih2.i.optimole.com\/cb:hB7A.2a1\/w:auto\/h:auto\/q:mauto\/f:best\/https:\/\/mobila.md\/wp-content\/uploads\/2025\/03\/schita-verona.jpg\" alt=\"\" width=\"571\" height=\"671\" srcset=\"https:\/\/mlob4660sih2.i.optimole.com\/cb:hB7A.2a1\/w:571\/h:671\/q:mauto\/f:best\/https:\/\/mobila.md\/wp-content\/uploads\/2025\/03\/schita-verona.jpg 571w, https:\/\/mlob4660sih2.i.optimole.com\/cb:hB7A.2a1\/w:255\/h:300\/q:mauto\/f:best\/https:\/\/mobila.md\/wp-content\/uploads\/2025\/03\/schita-verona.jpg 255w, https:\/\/mlob4660sih2.i.optimole.com\/cb:hB7A.2a1\/w:64\/h:75\/q:mauto\/f:best\/dpr:2\/https:\/\/mobila.md\/wp-content\/uploads\/2025\/03\/schita-verona.jpg 64w\" sizes=\"(max-width: 571px) 100vw, 571px\" \/><\/p>\n<h3 style=\"text-align: center\">\u00a0<\/h3>\n<\/div>\n<p><!-- .vgblk-rw-wrapper --><\/p>\n","protected":false},"excerpt":{"rendered":"<p>\u00a0 Scaunul Verona \u2013 Elegan\u021b\u0103 clasic\u0103 \u0219i rafinament atemporal Scaunul Verona aduce \u00een orice interior o not\u0103 de noble\u021be discret\u0103, inspirat\u0103 din elegan\u021ba mobilierului clasic reinterpretat \u00eentr-o manier\u0103 modern\u0103. Forma u\u0219or curbat\u0103 a sp\u0103tarului \u0219i liniile fluide ale picioarelor \u00eel transform\u0103 \u00eentr-o pies\u0103 de mobilier cu personalitate, ideal\u0103 pentru s\u0103li de mese rafinate sau interioare&#8230;<\/p>\n","protected":false},"featured_media":989749,"template":"","meta":[],"product_brand":[],"product_cat":[179],"product_tag":[],"class_list":{"0":"post-989745","1":"product","2":"type-product","3":"status-publish","4":"has-post-thumbnail","6":"product_cat-scaun","8":"first","9":"instock","10":"shipping-taxable","11":"product-type-simple"},"yoast_head":"<!-- This site is optimized with the Yoast SEO Premium plugin v24.7 (Yoast SEO v26.9) - https:\/\/yoast.com\/product\/yoast-seo-premium-wordpress\/ -->\n<title>Scaunul Verona \u2013 Elegan\u021b\u0103 \u0219i Confort pentru Buc\u0103t\u0103ria Ta<\/title>\n<meta name=\"description\" content=\"Scaunul Verona \u2013 scaun modern \u0219i confortabil pentru buc\u0103t\u0103ria ta. Tapi\u021berie rezistent\u0103, design elegant \u0219i livrare rapid\u0103 de la Mobila.md\" \/>\n<meta name=\"robots\" content=\"index, follow, max-snippet:-1, max-image-preview:large, max-video-preview:-1\" \/>\n<link rel=\"canonical\" href=\"http:\/\/\u00a0Scaunul%20Verona%20\u2013%20Elegan\u021b\u0103%20clasic\u0103%20\u0219i%20rafinament%20atemporalScaunul%20Verona%20aduce%20\u00een%20orice%20interior%20o%20not\u0103%20de%20noble\u021be%20discret\u0103,%20inspirat\u0103%20din%20elegan\u021ba%20mobilierului%20clasic%20reinterpretat%20\u00eentr-o%20manier\u0103%20modern\u0103.%20Forma%20u\u0219or%20curbat\u0103%20a%20sp\u0103tarului%20\u0219i%20liniile%20fluide%20ale%20picioarelor%20\u00eel%20transform\u0103%20\u00eentr-o%20pies\u0103%20de%20mobilier%20cu%20personalitate,%20ideal\u0103%20pentru%20s\u0103li%20de%20mese%20rafinate%20sau%20interioare%20cu%20aer&hellip;\" \/>\n<meta property=\"og:locale\" content=\"en_US\" \/>\n<meta property=\"og:type\" content=\"article\" \/>\n<meta property=\"og:title\" content=\"Scaunul Verona \u2013 Elegan\u021b\u0103 \u0219i Confort pentru Buc\u0103t\u0103ria Ta\" \/>\n<meta property=\"og:description\" content=\"Scaunul Verona \u2013 scaun modern \u0219i confortabil pentru buc\u0103t\u0103ria ta. Tapi\u021berie rezistent\u0103, design elegant \u0219i livrare rapid\u0103 de la Mobila.md\" \/>\n<meta property=\"og:url\" content=\"https:\/\/mobila.md\/en\/product\/scaunul-verona\/\" \/>\n<meta property=\"og:site_name\" content=\"ERGOLEMN\" \/>\n<meta property=\"article:publisher\" content=\"https:\/\/www.facebook.com\/ergolemn?locale=ru_RU\" \/>\n<meta property=\"article:modified_time\" content=\"2026-01-20T14:21:34+00:00\" \/>\n<meta property=\"og:image\" content=\"https:\/\/mlob4660sih2.i.optimole.com\/cb:hB7A.2a1\/w:auto\/h:auto\/q:mauto\/f:best\/https:\/\/mobila.md\/wp-content\/uploads\/2025\/03\/Scaun-Verona.jpg\" \/>\n\t<meta property=\"og:image:width\" content=\"2000\" \/>\n\t<meta property=\"og:image:height\" content=\"1333\" \/>\n\t<meta property=\"og:image:type\" content=\"image\/jpeg\" \/>\n<meta name=\"twitter:card\" content=\"summary_large_image\" \/>\n<meta name=\"twitter:label1\" content=\"Est. reading time\" \/>\n\t<meta name=\"twitter:data1\" content=\"2 minutes\" \/>\n<script type=\"application\/ld+json\" class=\"yoast-schema-graph\">{\"@context\":\"https:\/\/schema.org\",\"@graph\":[{\"@type\":\"WebPage\",\"@id\":\"https:\/\/mobila.md\/en\/product\/scaunul-verona\/\",\"url\":\"https:\/\/mobila.md\/en\/product\/scaunul-verona\/\",\"name\":\"Scaunul Verona \u2013 Elegan\u021b\u0103 \u0219i Confort pentru Buc\u0103t\u0103ria Ta\",\"isPartOf\":{\"@id\":\"https:\/\/mobila.md\/#website\"},\"primaryImageOfPage\":{\"@id\":\"https:\/\/mobila.md\/en\/product\/scaunul-verona\/#primaryimage\"},\"image\":{\"@id\":\"https:\/\/mobila.md\/en\/product\/scaunul-verona\/#primaryimage\"},\"thumbnailUrl\":\"https:\/\/mlob4660sih2.i.optimole.com\/cb:hB7A.2a1\/w:auto\/h:auto\/q:mauto\/f:best\/https:\/\/mobila.md\/wp-content\/uploads\/2025\/03\/Scaun-Verona.jpg\",\"datePublished\":\"2025-03-22T15:22:14+00:00\",\"dateModified\":\"2026-01-20T14:21:34+00:00\",\"description\":\"Scaunul Verona \u2013 scaun modern \u0219i confortabil pentru buc\u0103t\u0103ria ta. Tapi\u021berie rezistent\u0103, design elegant \u0219i livrare rapid\u0103 de la Mobila.md\",\"breadcrumb\":{\"@id\":\"https:\/\/mobila.md\/en\/product\/scaunul-verona\/#breadcrumb\"},\"inLanguage\":\"en-US\",\"potentialAction\":[{\"@type\":\"ReadAction\",\"target\":[\"https:\/\/mobila.md\/en\/product\/scaunul-verona\/\"]}]},{\"@type\":\"ImageObject\",\"inLanguage\":\"en-US\",\"@id\":\"https:\/\/mobila.md\/en\/product\/scaunul-verona\/#primaryimage\",\"url\":\"https:\/\/mlob4660sih2.i.optimole.com\/cb:hB7A.2a1\/w:auto\/h:auto\/q:mauto\/f:best\/https:\/\/mobila.md\/wp-content\/uploads\/2025\/03\/Scaun-Verona.jpg\",\"contentUrl\":\"https:\/\/mlob4660sih2.i.optimole.com\/cb:hB7A.2a1\/w:auto\/h:auto\/q:mauto\/f:best\/https:\/\/mobila.md\/wp-content\/uploads\/2025\/03\/Scaun-Verona.jpg\",\"width\":2000,\"height\":1333,\"caption\":\"Scaunul Verona\"},{\"@type\":\"BreadcrumbList\",\"@id\":\"https:\/\/mobila.md\/en\/product\/scaunul-verona\/#breadcrumb\",\"itemListElement\":[{\"@type\":\"ListItem\",\"position\":1,\"name\":\"Home\",\"item\":\"https:\/\/mobila.md\/\"},{\"@type\":\"ListItem\",\"position\":2,\"name\":\"Produse\",\"item\":\"https:\/\/mobila.md\/product\/\"},{\"@type\":\"ListItem\",\"position\":3,\"name\":\"Scaun Verona\"}]},{\"@type\":\"WebSite\",\"@id\":\"https:\/\/mobila.md\/en\/#website\",\"url\":\"https:\/\/mobila.md\/en\/\",\"name\":\"ERGOLEMN\",\"description\":\"\",\"publisher\":{\"@id\":\"https:\/\/mobila.md\/en\/#organization\"},\"potentialAction\":[{\"@type\":\"SearchAction\",\"target\":{\"@type\":\"EntryPoint\",\"urlTemplate\":\"https:\/\/mobila.md\/en\/?s={search_term_string}\"},\"query-input\":{\"@type\":\"PropertyValueSpecification\",\"valueRequired\":true,\"valueName\":\"search_term_string\"}}],\"inLanguage\":\"en-US\"},{\"@type\":\"Organization\",\"@id\":\"https:\/\/mobila.md\/en\/#organization\",\"name\":\"ERGOLEMN SRL\",\"url\":\"https:\/\/mobila.md\/en\/\",\"logo\":{\"@type\":\"ImageObject\",\"inLanguage\":\"en-US\",\"@id\":\"https:\/\/mobila.md\/en\/#\/schema\/logo\/image\/\",\"url\":\"https:\/\/mlob4660sih2.i.optimole.com\/cb:hB7A.2a1\/w:auto\/h:auto\/q:mauto\/f:best\/https:\/\/mobila.md\/wp-content\/uploads\/2024\/03\/logo-ergolemn-site-1.png\",\"contentUrl\":\"https:\/\/mlob4660sih2.i.optimole.com\/cb:hB7A.2a1\/w:auto\/h:auto\/q:mauto\/f:best\/https:\/\/mobila.md\/wp-content\/uploads\/2024\/03\/logo-ergolemn-site-1.png\",\"width\":350,\"height\":100,\"caption\":\"ERGOLEMN SRL\"},\"image\":{\"@id\":\"https:\/\/mobila.md\/en\/#\/schema\/logo\/image\/\"},\"sameAs\":[\"https:\/\/www.facebook.com\/ergolemn?locale=ru_RU\",\"https:\/\/www.instagram.com\/ergolemnmoldova\/\"]}]}<\/script>\n<!-- \/ Yoast SEO Premium plugin. -->","yoast_head_json":{"title":"Scaunul Verona \u2013 Elegan\u021b\u0103 \u0219i Confort pentru Buc\u0103t\u0103ria Ta","description":"Scaunul Verona \u2013 scaun modern \u0219i confortabil pentru buc\u0103t\u0103ria ta. Tapi\u021berie rezistent\u0103, design elegant \u0219i livrare rapid\u0103 de la Mobila.md","robots":{"index":"index","follow":"follow","max-snippet":"max-snippet:-1","max-image-preview":"max-image-preview:large","max-video-preview":"max-video-preview:-1"},"canonical":"\u00a0Scaunul Verona \u2013 Elegan\u021b\u0103 clasic\u0103 \u0219i rafinament atemporalScaunul Verona aduce \u00een orice interior o not\u0103 de noble\u021be discret\u0103, inspirat\u0103 din elegan\u021ba mobilierului clasic reinterpretat \u00eentr-o manier\u0103 modern\u0103. Forma u\u0219or curbat\u0103 a sp\u0103tarului \u0219i liniile fluide ale picioarelor \u00eel transform\u0103 \u00eentr-o pies\u0103 de mobilier cu personalitate, ideal\u0103 pentru s\u0103li de mese rafinate sau interioare cu aer&hellip;","og_locale":"en_US","og_type":"article","og_title":"Scaunul Verona \u2013 Elegan\u021b\u0103 \u0219i Confort pentru Buc\u0103t\u0103ria Ta","og_description":"Scaunul Verona \u2013 scaun modern \u0219i confortabil pentru buc\u0103t\u0103ria ta. Tapi\u021berie rezistent\u0103, design elegant \u0219i livrare rapid\u0103 de la Mobila.md","og_url":"https:\/\/mobila.md\/en\/product\/scaunul-verona\/","og_site_name":"ERGOLEMN","article_publisher":"https:\/\/www.facebook.com\/ergolemn?locale=ru_RU","article_modified_time":"2026-01-20T14:21:34+00:00","og_image":[{"width":2000,"height":1333,"url":"https:\/\/mlob4660sih2.i.optimole.com\/cb:hB7A.2a1\/w:auto\/h:auto\/q:mauto\/f:best\/https:\/\/mobila.md\/wp-content\/uploads\/2025\/03\/Scaun-Verona.jpg","type":"image\/jpeg"}],"twitter_card":"summary_large_image","twitter_misc":{"Est. reading time":"2 minutes"},"schema":{"@context":"https:\/\/schema.org","@graph":[{"@type":"WebPage","@id":"https:\/\/mobila.md\/en\/product\/scaunul-verona\/","url":"https:\/\/mobila.md\/en\/product\/scaunul-verona\/","name":"Scaunul Verona \u2013 Elegan\u021b\u0103 \u0219i Confort pentru Buc\u0103t\u0103ria Ta","isPartOf":{"@id":"https:\/\/mobila.md\/#website"},"primaryImageOfPage":{"@id":"https:\/\/mobila.md\/en\/product\/scaunul-verona\/#primaryimage"},"image":{"@id":"https:\/\/mobila.md\/en\/product\/scaunul-verona\/#primaryimage"},"thumbnailUrl":"https:\/\/mlob4660sih2.i.optimole.com\/cb:hB7A.2a1\/w:auto\/h:auto\/q:mauto\/f:best\/https:\/\/mobila.md\/wp-content\/uploads\/2025\/03\/Scaun-Verona.jpg","datePublished":"2025-03-22T15:22:14+00:00","dateModified":"2026-01-20T14:21:34+00:00","description":"Scaunul Verona \u2013 scaun modern \u0219i confortabil pentru buc\u0103t\u0103ria ta. Tapi\u021berie rezistent\u0103, design elegant \u0219i livrare rapid\u0103 de la Mobila.md","breadcrumb":{"@id":"https:\/\/mobila.md\/en\/product\/scaunul-verona\/#breadcrumb"},"inLanguage":"en-US","potentialAction":[{"@type":"ReadAction","target":["https:\/\/mobila.md\/en\/product\/scaunul-verona\/"]}]},{"@type":"ImageObject","inLanguage":"en-US","@id":"https:\/\/mobila.md\/en\/product\/scaunul-verona\/#primaryimage","url":"https:\/\/mlob4660sih2.i.optimole.com\/cb:hB7A.2a1\/w:auto\/h:auto\/q:mauto\/f:best\/https:\/\/mobila.md\/wp-content\/uploads\/2025\/03\/Scaun-Verona.jpg","contentUrl":"https:\/\/mlob4660sih2.i.optimole.com\/cb:hB7A.2a1\/w:auto\/h:auto\/q:mauto\/f:best\/https:\/\/mobila.md\/wp-content\/uploads\/2025\/03\/Scaun-Verona.jpg","width":2000,"height":1333,"caption":"Scaunul Verona"},{"@type":"BreadcrumbList","@id":"https:\/\/mobila.md\/en\/product\/scaunul-verona\/#breadcrumb","itemListElement":[{"@type":"ListItem","position":1,"name":"Home","item":"https:\/\/mobila.md\/"},{"@type":"ListItem","position":2,"name":"Produse","item":"https:\/\/mobila.md\/product\/"},{"@type":"ListItem","position":3,"name":"Scaun Verona"}]},{"@type":"WebSite","@id":"https:\/\/mobila.md\/en\/#website","url":"https:\/\/mobila.md\/en\/","name":"ERGOLEMN","description":"","publisher":{"@id":"https:\/\/mobila.md\/en\/#organization"},"potentialAction":[{"@type":"SearchAction","target":{"@type":"EntryPoint","urlTemplate":"https:\/\/mobila.md\/en\/?s={search_term_string}"},"query-input":{"@type":"PropertyValueSpecification","valueRequired":true,"valueName":"search_term_string"}}],"inLanguage":"en-US"},{"@type":"Organization","@id":"https:\/\/mobila.md\/en\/#organization","name":"ERGOLEMN SRL","url":"https:\/\/mobila.md\/en\/","logo":{"@type":"ImageObject","inLanguage":"en-US","@id":"https:\/\/mobila.md\/en\/#\/schema\/logo\/image\/","url":"https:\/\/mlob4660sih2.i.optimole.com\/cb:hB7A.2a1\/w:auto\/h:auto\/q:mauto\/f:best\/https:\/\/mobila.md\/wp-content\/uploads\/2024\/03\/logo-ergolemn-site-1.png","contentUrl":"https:\/\/mlob4660sih2.i.optimole.com\/cb:hB7A.2a1\/w:auto\/h:auto\/q:mauto\/f:best\/https:\/\/mobila.md\/wp-content\/uploads\/2024\/03\/logo-ergolemn-site-1.png","width":350,"height":100,"caption":"ERGOLEMN SRL"},"image":{"@id":"https:\/\/mobila.md\/en\/#\/schema\/logo\/image\/"},"sameAs":["https:\/\/www.facebook.com\/ergolemn?locale=ru_RU","https:\/\/www.instagram.com\/ergolemnmoldova\/"]}]}},"_links":{"self":[{"href":"https:\/\/mobila.md\/en\/wp-json\/wp\/v2\/product\/989745","targetHints":{"allow":["GET"]}}],"collection":[{"href":"https:\/\/mobila.md\/en\/wp-json\/wp\/v2\/product"}],"about":[{"href":"https:\/\/mobila.md\/en\/wp-json\/wp\/v2\/types\/product"}],"version-history":[{"count":7,"href":"https:\/\/mobila.md\/en\/wp-json\/wp\/v2\/product\/989745\/revisions"}],"predecessor-version":[{"id":990431,"href":"https:\/\/mobila.md\/en\/wp-json\/wp\/v2\/product\/989745\/revisions\/990431"}],"wp:featuredmedia":[{"embeddable":true,"href":"https:\/\/mobila.md\/en\/wp-json\/wp\/v2\/media\/989749"}],"wp:attachment":[{"href":"https:\/\/mobila.md\/en\/wp-json\/wp\/v2\/media?parent=989745"}],"wp:term":[{"taxonomy":"product_brand","embeddable":true,"href":"https:\/\/mobila.md\/en\/wp-json\/wp\/v2\/product_brand?post=989745"},{"taxonomy":"product_cat","embeddable":true,"href":"https:\/\/mobila.md\/en\/wp-json\/wp\/v2\/product_cat?post=989745"},{"taxonomy":"product_tag","embeddable":true,"href":"https:\/\/mobila.md\/en\/wp-json\/wp\/v2\/product_tag?post=989745"}],"curies":[{"name":"wp","href":"https:\/\/api.w.org\/{rel}","templated":true}]}}