{"id":989878,"date":"2025-03-27T12:30:17","date_gmt":"2025-03-27T09:30:17","guid":{"rendered":"https:\/\/mobila.md\/?page_id=989878"},"modified":"2025-03-27T12:32:34","modified_gmt":"2025-03-27T09:32:34","slug":"coltar-la-comanda-dupa-design-personalizat","status":"publish","type":"page","link":"https:\/\/mobila.md\/en\/coltar-la-comanda-dupa-design-personalizat\/","title":{"rendered":"Col\u021bar la comand\u0103 \u2013 dup\u0103 design personalizat"},"content":{"rendered":"\t\t<div data-elementor-type=\"wp-page\" data-elementor-id=\"989878\" class=\"elementor elementor-989878\" data-elementor-post-type=\"page\">\n\t\t\t\t<div class=\"elementor-element elementor-element-d55ce55 e-flex e-con-boxed e-con e-parent\" data-id=\"d55ce55\" data-element_type=\"container\" data-e-type=\"container\">\n\t\t\t\t\t<div class=\"e-con-inner\">\n\t\t\t\t<div class=\"elementor-element elementor-element-e6aa2b5 elementor-widget elementor-widget-spacer\" data-id=\"e6aa2b5\" data-element_type=\"widget\" data-e-type=\"widget\" data-widget_type=\"spacer.default\">\n\t\t\t\t<div class=\"elementor-widget-container\">\n\t\t\t\t\t\t\t<div class=\"elementor-spacer\">\n\t\t\t<div class=\"elementor-spacer-inner\"><\/div>\n\t\t<\/div>\n\t\t\t\t\t\t<\/div>\n\t\t\t\t<\/div>\n\t\t\t\t\t<\/div>\n\t\t\t\t<\/div>\n\t\t<div class=\"elementor-element elementor-element-f73d6c4 e-flex e-con-boxed e-con e-parent\" data-id=\"f73d6c4\" data-element_type=\"container\" data-e-type=\"container\">\n\t\t\t\t\t<div class=\"e-con-inner\">\n\t\t\t\t<div class=\"elementor-element elementor-element-4e40328 elementor-widget elementor-widget-gallery\" data-id=\"4e40328\" data-element_type=\"widget\" data-e-type=\"widget\" data-settings=\"{&quot;lazyload&quot;:&quot;yes&quot;,&quot;gallery_layout&quot;:&quot;grid&quot;,&quot;columns&quot;:4,&quot;columns_tablet&quot;:2,&quot;columns_mobile&quot;:1,&quot;gap&quot;:{&quot;unit&quot;:&quot;px&quot;,&quot;size&quot;:10,&quot;sizes&quot;:[]},&quot;gap_tablet&quot;:{&quot;unit&quot;:&quot;px&quot;,&quot;size&quot;:10,&quot;sizes&quot;:[]},&quot;gap_mobile&quot;:{&quot;unit&quot;:&quot;px&quot;,&quot;size&quot;:10,&quot;sizes&quot;:[]},&quot;link_to&quot;:&quot;file&quot;,&quot;aspect_ratio&quot;:&quot;3:2&quot;,&quot;overlay_background&quot;:&quot;yes&quot;,&quot;content_hover_animation&quot;:&quot;fade-in&quot;}\" data-widget_type=\"gallery.default\">\n\t\t\t\t<div class=\"elementor-widget-container\">\n\t\t\t\t\t\t\t<div class=\"elementor-gallery__container\">\n\t\t\t\t\t\t\t<a class=\"e-gallery-item elementor-gallery-item elementor-animated-content\" href=\"https:\/\/mlob4660sih2.i.optimole.com\/cb:hB7A.2a1\/w:auto\/h:auto\/q:mauto\/f:best\/https:\/\/mobila.md\/wp-content\/uploads\/2025\/03\/coltar-comanda-3.jpg\" data-elementor-open-lightbox=\"yes\" data-elementor-lightbox-slideshow=\"4e40328\" data-elementor-lightbox-title=\"coltar comanda (3)\" data-e-action-hash=\"#elementor-action%3Aaction%3Dlightbox%26settings%3DeyJpZCI6OTg5ODQ2LCJ1cmwiOiJodHRwczpcL1wvbW9iaWxhLm1kXC93cC1jb250ZW50XC91cGxvYWRzXC8yMDI1XC8wM1wvY29sdGFyLWNvbWFuZGEtMy5qcGciLCJzbGlkZXNob3ciOiI0ZTQwMzI4In0%3D\">\n\t\t\t\t\t<div class=\"e-gallery-image elementor-gallery-item__image\" data-thumbnail=\"https:\/\/mlob4660sih2.i.optimole.com\/cb:hB7A.2a1\/w:300\/h:225\/q:mauto\/f:best\/https:\/\/mobila.md\/wp-content\/uploads\/2025\/03\/coltar-comanda-3.jpg\" data-width=\"300\" data-height=\"225\" aria-label=\"\" role=\"img\" ><\/div>\n\t\t\t\t\t\t\t\t\t\t\t<div class=\"elementor-gallery-item__overlay\"><\/div>\n\t\t\t\t\t\t\t\t\t\t\t\t\t\t<\/a>\n\t\t\t\t\t\t\t<a class=\"e-gallery-item elementor-gallery-item elementor-animated-content\" href=\"https:\/\/mlob4660sih2.i.optimole.com\/cb:hB7A.2a1\/w:auto\/h:auto\/q:mauto\/f:best\/https:\/\/mobila.md\/wp-content\/uploads\/2025\/03\/coltar-comanda-2.jpg\" data-elementor-open-lightbox=\"yes\" data-elementor-lightbox-slideshow=\"4e40328\" data-elementor-lightbox-title=\"coltar comanda (2)\" data-e-action-hash=\"#elementor-action%3Aaction%3Dlightbox%26settings%3DeyJpZCI6OTg5ODQ5LCJ1cmwiOiJodHRwczpcL1wvbW9iaWxhLm1kXC93cC1jb250ZW50XC91cGxvYWRzXC8yMDI1XC8wM1wvY29sdGFyLWNvbWFuZGEtMi5qcGciLCJzbGlkZXNob3ciOiI0ZTQwMzI4In0%3D\">\n\t\t\t\t\t<div class=\"e-gallery-image elementor-gallery-item__image\" data-thumbnail=\"https:\/\/mlob4660sih2.i.optimole.com\/cb:hB7A.2a1\/w:300\/h:169\/q:mauto\/f:best\/https:\/\/mobila.md\/wp-content\/uploads\/2025\/03\/coltar-comanda-2.jpg\" data-width=\"300\" data-height=\"169\" aria-label=\"\" role=\"img\" ><\/div>\n\t\t\t\t\t\t\t\t\t\t\t<div class=\"elementor-gallery-item__overlay\"><\/div>\n\t\t\t\t\t\t\t\t\t\t\t\t\t\t<\/a>\n\t\t\t\t\t\t\t<a class=\"e-gallery-item elementor-gallery-item elementor-animated-content\" href=\"https:\/\/mlob4660sih2.i.optimole.com\/cb:hB7A.2a1\/w:auto\/h:auto\/q:mauto\/f:best\/https:\/\/mobila.md\/wp-content\/uploads\/2025\/03\/coltar-comanda-1.jpg\" data-elementor-open-lightbox=\"yes\" data-elementor-lightbox-slideshow=\"4e40328\" data-elementor-lightbox-title=\"coltar comanda (1)\" data-e-action-hash=\"#elementor-action%3Aaction%3Dlightbox%26settings%3DeyJpZCI6OTg5ODQ4LCJ1cmwiOiJodHRwczpcL1wvbW9iaWxhLm1kXC93cC1jb250ZW50XC91cGxvYWRzXC8yMDI1XC8wM1wvY29sdGFyLWNvbWFuZGEtMS5qcGciLCJzbGlkZXNob3ciOiI0ZTQwMzI4In0%3D\">\n\t\t\t\t\t<div class=\"e-gallery-image elementor-gallery-item__image\" data-thumbnail=\"https:\/\/mlob4660sih2.i.optimole.com\/cb:hB7A.2a1\/w:300\/h:225\/q:mauto\/f:best\/https:\/\/mobila.md\/wp-content\/uploads\/2025\/03\/coltar-comanda-1.jpg\" data-width=\"300\" data-height=\"225\" aria-label=\"\" role=\"img\" ><\/div>\n\t\t\t\t\t\t\t\t\t\t\t<div class=\"elementor-gallery-item__overlay\"><\/div>\n\t\t\t\t\t\t\t\t\t\t\t\t\t\t<\/a>\n\t\t\t\t\t\t\t<a class=\"e-gallery-item elementor-gallery-item elementor-animated-content\" href=\"https:\/\/mlob4660sih2.i.optimole.com\/cb:hB7A.2a1\/w:auto\/h:auto\/q:mauto\/f:best\/https:\/\/mobila.md\/wp-content\/uploads\/2025\/03\/coltar-comanda-4.jpg\" data-elementor-open-lightbox=\"yes\" data-elementor-lightbox-slideshow=\"4e40328\" data-elementor-lightbox-title=\"coltar comanda (4)\" data-e-action-hash=\"#elementor-action%3Aaction%3Dlightbox%26settings%3DeyJpZCI6OTg5ODQ3LCJ1cmwiOiJodHRwczpcL1wvbW9iaWxhLm1kXC93cC1jb250ZW50XC91cGxvYWRzXC8yMDI1XC8wM1wvY29sdGFyLWNvbWFuZGEtNC5qcGciLCJzbGlkZXNob3ciOiI0ZTQwMzI4In0%3D\">\n\t\t\t\t\t<div class=\"e-gallery-image elementor-gallery-item__image\" data-thumbnail=\"https:\/\/mlob4660sih2.i.optimole.com\/cb:hB7A.2a1\/w:225\/h:300\/q:mauto\/f:best\/https:\/\/mobila.md\/wp-content\/uploads\/2025\/03\/coltar-comanda-4.jpg\" data-width=\"225\" data-height=\"300\" aria-label=\"\" role=\"img\" ><\/div>\n\t\t\t\t\t\t\t\t\t\t\t<div class=\"elementor-gallery-item__overlay\"><\/div>\n\t\t\t\t\t\t\t\t\t\t\t\t\t\t<\/a>\n\t\t\t\t\t<\/div>\n\t\t\t\t\t<\/div>\n\t\t\t\t<\/div>\n\t\t\t\t\t<\/div>\n\t\t\t\t<\/div>\n\t\t<div class=\"elementor-element elementor-element-1d2d5f4 e-flex e-con-boxed e-con e-parent\" data-id=\"1d2d5f4\" data-element_type=\"container\" data-e-type=\"container\">\n\t\t\t\t\t<div class=\"e-con-inner\">\n\t\t\t\t<div class=\"elementor-element elementor-element-54ce5b1 elementor-widget elementor-widget-spacer\" data-id=\"54ce5b1\" data-element_type=\"widget\" data-e-type=\"widget\" data-widget_type=\"spacer.default\">\n\t\t\t\t<div class=\"elementor-widget-container\">\n\t\t\t\t\t\t\t<div class=\"elementor-spacer\">\n\t\t\t<div class=\"elementor-spacer-inner\"><\/div>\n\t\t<\/div>\n\t\t\t\t\t\t<\/div>\n\t\t\t\t<\/div>\n\t\t\t\t\t<\/div>\n\t\t\t\t<\/div>\n\t\t<div class=\"elementor-element elementor-element-cf7fa03 e-flex e-con-boxed e-con e-parent\" data-id=\"cf7fa03\" data-element_type=\"container\" data-e-type=\"container\">\n\t\t\t\t\t<div class=\"e-con-inner\">\n\t\t\t\t<div class=\"vamtam-has-theme-widget-styles elementor-element elementor-element-2836c24 elementor-widget elementor-widget-text-editor\" data-id=\"2836c24\" data-element_type=\"widget\" data-e-type=\"widget\" data-widget_type=\"text-editor.default\">\n\t\t\t\t<div class=\"elementor-widget-container\">\n\t\t\t\t\t\t\t\t\t<p><b>Col\u021bar la comand\u0103 \u2013 dup\u0103 design personalizat<\/b><\/p><p><span style=\"font-weight: 400;\">\u2705<\/span><span style=\"font-weight: 400;\">Am realizat un col\u021bar la comand\u0103, conceput dup\u0103 proiectul 3D al designerului \u0219i adaptat \u00een totalitate preferin\u021belor clientului. Fiecare element a fost atent analizat \u0219i executat cu precizie, pentru a asigura at\u00e2t estetic\u0103 rafinat\u0103, c\u00e2t \u0219i durabilitate.<\/span><\/p><p><span style=\"font-weight: 400;\">\u2705<\/span><span style=\"font-weight: 400;\">Pentru acest proiect, am utilizat stof\u0103 moale premium, oferind un confort excep\u021bional \u0219i o rezisten\u021b\u0103 \u00eendelungat\u0103. De asemenea, am integrat elemente de lemn, care nu doar consolideaz\u0103 structura, ci \u0219i adaug\u0103 un plus de elegan\u021b\u0103 \u0219i naturale\u021be designului.<\/span><\/p><p><span style=\"font-weight: 400;\">Rezultatul este o pies\u0103 de mobilier realizat\u0103 la cele mai \u00eenalte standarde, perfect armonizat\u0103 cu spa\u021biul destinat.<\/span><\/p><p><span style=\"font-weight: 400;\">Execut\u0103m mobilier personalizat, creat cu aten\u021bie la detalii \u0219i materiale de cea mai bun\u0103 calitate.\u00a0<\/span><\/p><p><span style=\"font-weight: 400;\">\ud83d\udcde<\/span><span style=\"font-weight: 400;\"> Contacteaz\u0103-ne 0 60 122 252 pentru realizarea proiectului t\u0103u!<\/span><\/p>\t\t\t\t\t\t\t\t<\/div>\n\t\t\t\t<\/div>\n\t\t\t\t\t<\/div>\n\t\t\t\t<\/div>\n\t\t\t\t<\/div>\n\t\t","protected":false},"excerpt":{"rendered":"<p>Col\u021bar la comand\u0103 \u2013 dup\u0103 design personalizat \u2705Am realizat un col\u021bar la comand\u0103, conceput dup\u0103 proiectul 3D al designerului \u0219i adaptat \u00een totalitate preferin\u021belor clientului. Fiecare element a fost atent analizat \u0219i executat cu precizie, pentru a asigura at\u00e2t estetic\u0103 rafinat\u0103, c\u00e2t \u0219i durabilitate. \u2705Pentru acest proiect, am utilizat stof\u0103 moale premium, oferind un confort&#8230;<\/p>\n","protected":false},"author":4,"featured_media":0,"parent":0,"menu_order":0,"comment_status":"closed","ping_status":"closed","template":"","meta":{"footnotes":""},"class_list":["post-989878","page","type-page","status-publish","hentry"],"yoast_head":"<!-- This site is optimized with the Yoast SEO Premium plugin v24.7 (Yoast SEO v26.9) - https:\/\/yoast.com\/product\/yoast-seo-premium-wordpress\/ -->\n<title>Col\u021bar la comand\u0103 \u2013 dup\u0103 design personalizat<\/title>\n<meta name=\"description\" content=\"Col\u021bar la comand\u0103 \u2013 dup\u0103 design personalizat\u2705Am realizat un col\u021bar la comand\u0103, conceput dup\u0103 proiectul 3D al designerului \u0219i adaptat \u00een totalitate preferin\u021belor clientului. Fiecare element a fost atent analizat \u0219i executat cu precizie, pentru a asigura at\u00e2t estetic\u0103 rafinat\u0103, c\u00e2t \u0219i durabilitate.\u2705Pentru acest proiect, am utilizat stof\u0103 moale premium, oferind un confort excep\u021bional \u0219i&hellip;\" \/>\n<meta name=\"robots\" content=\"index, follow, max-snippet:-1, max-image-preview:large, max-video-preview:-1\" \/>\n<link rel=\"canonical\" href=\"http:\/\/Col\u021bar%20la%20comand\u0103%20\u2013%20dup\u0103%20design%20personalizat\u2705Am%20realizat%20un%20col\u021bar%20la%20comand\u0103,%20conceput%20dup\u0103%20proiectul%203D%20al%20designerului%20\u0219i%20adaptat%20\u00een%20totalitate%20preferin\u021belor%20clientului.%20Fiecare%20element%20a%20fost%20atent%20analizat%20\u0219i%20executat%20cu%20precizie,%20pentru%20a%20asigura%20at\u00e2t%20estetic\u0103%20rafinat\u0103,%20c\u00e2t%20\u0219i%20durabilitate.\u2705Pentru%20acest%20proiect,%20am%20utilizat%20stof\u0103%20moale%20premium,%20oferind%20un%20confort%20excep\u021bional%20\u0219i&hellip;\" \/>\n<meta property=\"og:locale\" content=\"en_US\" \/>\n<meta property=\"og:type\" content=\"article\" \/>\n<meta property=\"og:title\" content=\"Col\u021bar la comand\u0103 \u2013 dup\u0103 design personalizat\" \/>\n<meta property=\"og:description\" content=\"Col\u021bar la comand\u0103 \u2013 dup\u0103 design personalizat\u2705Am realizat un col\u021bar la comand\u0103, conceput dup\u0103 proiectul 3D al designerului \u0219i adaptat \u00een totalitate preferin\u021belor clientului. Fiecare element a fost atent analizat \u0219i executat cu precizie, pentru a asigura at\u00e2t estetic\u0103 rafinat\u0103, c\u00e2t \u0219i durabilitate.\u2705Pentru acest proiect, am utilizat stof\u0103 moale premium, oferind un confort excep\u021bional \u0219i&hellip;\" \/>\n<meta property=\"og:url\" content=\"https:\/\/mobila.md\/en\/coltar-la-comanda-dupa-design-personalizat\/\" \/>\n<meta property=\"og:site_name\" content=\"ERGOLEMN\" \/>\n<meta property=\"article:publisher\" content=\"https:\/\/www.facebook.com\/ergolemn?locale=ru_RU\" \/>\n<meta property=\"article:modified_time\" content=\"2025-03-27T09:32:34+00:00\" \/>\n<meta name=\"twitter:card\" content=\"summary_large_image\" \/>\n<meta name=\"twitter:label1\" content=\"Est. reading time\" \/>\n\t<meta name=\"twitter:data1\" content=\"1 minute\" \/>\n<script type=\"application\/ld+json\" class=\"yoast-schema-graph\">{\"@context\":\"https:\/\/schema.org\",\"@graph\":[{\"@type\":\"WebPage\",\"@id\":\"https:\/\/mobila.md\/en\/coltar-la-comanda-dupa-design-personalizat\/\",\"url\":\"https:\/\/mobila.md\/en\/coltar-la-comanda-dupa-design-personalizat\/\",\"name\":\"Col\u021bar la comand\u0103 \u2013 dup\u0103 design personalizat - ERGOLEMN\",\"isPartOf\":{\"@id\":\"https:\/\/mobila.md\/#website\"},\"datePublished\":\"2025-03-27T09:30:17+00:00\",\"dateModified\":\"2025-03-27T09:32:34+00:00\",\"breadcrumb\":{\"@id\":\"https:\/\/mobila.md\/en\/coltar-la-comanda-dupa-design-personalizat\/#breadcrumb\"},\"inLanguage\":\"en-US\",\"potentialAction\":[{\"@type\":\"ReadAction\",\"target\":[\"https:\/\/mobila.md\/en\/coltar-la-comanda-dupa-design-personalizat\/\"]}]},{\"@type\":\"BreadcrumbList\",\"@id\":\"https:\/\/mobila.md\/en\/coltar-la-comanda-dupa-design-personalizat\/#breadcrumb\",\"itemListElement\":[{\"@type\":\"ListItem\",\"position\":1,\"name\":\"Home\",\"item\":\"https:\/\/mobila.md\/\"},{\"@type\":\"ListItem\",\"position\":2,\"name\":\"Col\u021bar la comand\u0103 \u2013 dup\u0103 design personalizat\"}]},{\"@type\":\"WebSite\",\"@id\":\"https:\/\/mobila.md\/en\/#website\",\"url\":\"https:\/\/mobila.md\/en\/\",\"name\":\"ERGOLEMN\",\"description\":\"\",\"publisher\":{\"@id\":\"https:\/\/mobila.md\/en\/#organization\"},\"potentialAction\":[{\"@type\":\"SearchAction\",\"target\":{\"@type\":\"EntryPoint\",\"urlTemplate\":\"https:\/\/mobila.md\/en\/?s={search_term_string}\"},\"query-input\":{\"@type\":\"PropertyValueSpecification\",\"valueRequired\":true,\"valueName\":\"search_term_string\"}}],\"inLanguage\":\"en-US\"},{\"@type\":\"Organization\",\"@id\":\"https:\/\/mobila.md\/en\/#organization\",\"name\":\"ERGOLEMN SRL\",\"url\":\"https:\/\/mobila.md\/en\/\",\"logo\":{\"@type\":\"ImageObject\",\"inLanguage\":\"en-US\",\"@id\":\"https:\/\/mobila.md\/en\/#\/schema\/logo\/image\/\",\"url\":\"https:\/\/mlob4660sih2.i.optimole.com\/cb:hB7A.2a1\/w:auto\/h:auto\/q:mauto\/f:best\/https:\/\/mobila.md\/wp-content\/uploads\/2024\/03\/logo-ergolemn-site-1.png\",\"contentUrl\":\"https:\/\/mlob4660sih2.i.optimole.com\/cb:hB7A.2a1\/w:auto\/h:auto\/q:mauto\/f:best\/https:\/\/mobila.md\/wp-content\/uploads\/2024\/03\/logo-ergolemn-site-1.png\",\"width\":350,\"height\":100,\"caption\":\"ERGOLEMN SRL\"},\"image\":{\"@id\":\"https:\/\/mobila.md\/en\/#\/schema\/logo\/image\/\"},\"sameAs\":[\"https:\/\/www.facebook.com\/ergolemn?locale=ru_RU\",\"https:\/\/www.instagram.com\/ergolemnmoldova\/\"]}]}<\/script>\n<!-- \/ Yoast SEO Premium plugin. -->","yoast_head_json":{"title":"Col\u021bar la comand\u0103 \u2013 dup\u0103 design personalizat","description":"Col\u021bar la comand\u0103 \u2013 dup\u0103 design personalizat\u2705Am realizat un col\u021bar la comand\u0103, conceput dup\u0103 proiectul 3D al designerului \u0219i adaptat \u00een totalitate preferin\u021belor clientului. Fiecare element a fost atent analizat \u0219i executat cu precizie, pentru a asigura at\u00e2t estetic\u0103 rafinat\u0103, c\u00e2t \u0219i durabilitate.\u2705Pentru acest proiect, am utilizat stof\u0103 moale premium, oferind un confort excep\u021bional \u0219i&hellip;","robots":{"index":"index","follow":"follow","max-snippet":"max-snippet:-1","max-image-preview":"max-image-preview:large","max-video-preview":"max-video-preview:-1"},"canonical":"Col\u021bar la comand\u0103 \u2013 dup\u0103 design personalizat\u2705Am realizat un col\u021bar la comand\u0103, conceput dup\u0103 proiectul 3D al designerului \u0219i adaptat \u00een totalitate preferin\u021belor clientului. Fiecare element a fost atent analizat \u0219i executat cu precizie, pentru a asigura at\u00e2t estetic\u0103 rafinat\u0103, c\u00e2t \u0219i durabilitate.\u2705Pentru acest proiect, am utilizat stof\u0103 moale premium, oferind un confort excep\u021bional \u0219i&hellip;","og_locale":"en_US","og_type":"article","og_title":"Col\u021bar la comand\u0103 \u2013 dup\u0103 design personalizat","og_description":"Col\u021bar la comand\u0103 \u2013 dup\u0103 design personalizat\u2705Am realizat un col\u021bar la comand\u0103, conceput dup\u0103 proiectul 3D al designerului \u0219i adaptat \u00een totalitate preferin\u021belor clientului. Fiecare element a fost atent analizat \u0219i executat cu precizie, pentru a asigura at\u00e2t estetic\u0103 rafinat\u0103, c\u00e2t \u0219i durabilitate.\u2705Pentru acest proiect, am utilizat stof\u0103 moale premium, oferind un confort excep\u021bional \u0219i&hellip;","og_url":"https:\/\/mobila.md\/en\/coltar-la-comanda-dupa-design-personalizat\/","og_site_name":"ERGOLEMN","article_publisher":"https:\/\/www.facebook.com\/ergolemn?locale=ru_RU","article_modified_time":"2025-03-27T09:32:34+00:00","twitter_card":"summary_large_image","twitter_misc":{"Est. reading time":"1 minute"},"schema":{"@context":"https:\/\/schema.org","@graph":[{"@type":"WebPage","@id":"https:\/\/mobila.md\/en\/coltar-la-comanda-dupa-design-personalizat\/","url":"https:\/\/mobila.md\/en\/coltar-la-comanda-dupa-design-personalizat\/","name":"Col\u021bar la comand\u0103 \u2013 dup\u0103 design personalizat - ERGOLEMN","isPartOf":{"@id":"https:\/\/mobila.md\/#website"},"datePublished":"2025-03-27T09:30:17+00:00","dateModified":"2025-03-27T09:32:34+00:00","breadcrumb":{"@id":"https:\/\/mobila.md\/en\/coltar-la-comanda-dupa-design-personalizat\/#breadcrumb"},"inLanguage":"en-US","potentialAction":[{"@type":"ReadAction","target":["https:\/\/mobila.md\/en\/coltar-la-comanda-dupa-design-personalizat\/"]}]},{"@type":"BreadcrumbList","@id":"https:\/\/mobila.md\/en\/coltar-la-comanda-dupa-design-personalizat\/#breadcrumb","itemListElement":[{"@type":"ListItem","position":1,"name":"Home","item":"https:\/\/mobila.md\/"},{"@type":"ListItem","position":2,"name":"Col\u021bar la comand\u0103 \u2013 dup\u0103 design personalizat"}]},{"@type":"WebSite","@id":"https:\/\/mobila.md\/en\/#website","url":"https:\/\/mobila.md\/en\/","name":"ERGOLEMN","description":"","publisher":{"@id":"https:\/\/mobila.md\/en\/#organization"},"potentialAction":[{"@type":"SearchAction","target":{"@type":"EntryPoint","urlTemplate":"https:\/\/mobila.md\/en\/?s={search_term_string}"},"query-input":{"@type":"PropertyValueSpecification","valueRequired":true,"valueName":"search_term_string"}}],"inLanguage":"en-US"},{"@type":"Organization","@id":"https:\/\/mobila.md\/en\/#organization","name":"ERGOLEMN SRL","url":"https:\/\/mobila.md\/en\/","logo":{"@type":"ImageObject","inLanguage":"en-US","@id":"https:\/\/mobila.md\/en\/#\/schema\/logo\/image\/","url":"https:\/\/mlob4660sih2.i.optimole.com\/cb:hB7A.2a1\/w:auto\/h:auto\/q:mauto\/f:best\/https:\/\/mobila.md\/wp-content\/uploads\/2024\/03\/logo-ergolemn-site-1.png","contentUrl":"https:\/\/mlob4660sih2.i.optimole.com\/cb:hB7A.2a1\/w:auto\/h:auto\/q:mauto\/f:best\/https:\/\/mobila.md\/wp-content\/uploads\/2024\/03\/logo-ergolemn-site-1.png","width":350,"height":100,"caption":"ERGOLEMN SRL"},"image":{"@id":"https:\/\/mobila.md\/en\/#\/schema\/logo\/image\/"},"sameAs":["https:\/\/www.facebook.com\/ergolemn?locale=ru_RU","https:\/\/www.instagram.com\/ergolemnmoldova\/"]}]}},"_links":{"self":[{"href":"https:\/\/mobila.md\/en\/wp-json\/wp\/v2\/pages\/989878","targetHints":{"allow":["GET"]}}],"collection":[{"href":"https:\/\/mobila.md\/en\/wp-json\/wp\/v2\/pages"}],"about":[{"href":"https:\/\/mobila.md\/en\/wp-json\/wp\/v2\/types\/page"}],"author":[{"embeddable":true,"href":"https:\/\/mobila.md\/en\/wp-json\/wp\/v2\/users\/4"}],"replies":[{"embeddable":true,"href":"https:\/\/mobila.md\/en\/wp-json\/wp\/v2\/comments?post=989878"}],"version-history":[{"count":4,"href":"https:\/\/mobila.md\/en\/wp-json\/wp\/v2\/pages\/989878\/revisions"}],"predecessor-version":[{"id":989882,"href":"https:\/\/mobila.md\/en\/wp-json\/wp\/v2\/pages\/989878\/revisions\/989882"}],"wp:attachment":[{"href":"https:\/\/mobila.md\/en\/wp-json\/wp\/v2\/media?parent=989878"}],"curies":[{"name":"wp","href":"https:\/\/api.w.org\/{rel}","templated":true}]}}