{"id":1615,"date":"2024-04-08T10:32:02","date_gmt":"2024-04-08T10:32:02","guid":{"rendered":"https:\/\/ergocraft.vamtam.com\/?page_id=1615"},"modified":"2025-09-20T16:31:11","modified_gmt":"2025-09-20T13:31:11","slug":"contact-us","status":"publish","type":"page","link":"https:\/\/mobila.md\/en\/contact-us\/","title":{"rendered":"Contact Us"},"content":{"rendered":"\t\t<div data-elementor-type=\"wp-page\" data-elementor-id=\"1615\" class=\"elementor elementor-1615\" data-elementor-post-type=\"page\">\n\t\t\t\t<div class=\"elementor-element elementor-element-dce0772 e-flex e-con-boxed e-con e-parent\" data-id=\"dce0772\" data-element_type=\"container\" data-e-type=\"container\">\n\t\t\t\t\t<div class=\"e-con-inner\">\n\t\t\t\t<div class=\"vamtam-has-theme-widget-styles elementor-element elementor-element-6888c55 elementor-invisible elementor-widget elementor-widget-text-editor\" data-id=\"6888c55\" data-element_type=\"widget\" data-e-type=\"widget\" data-settings=\"{&quot;_animation&quot;:&quot;fadeIn&quot;,&quot;_animation_tablet&quot;:&quot;none&quot;,&quot;_animation_delay&quot;:200}\" data-widget_type=\"text-editor.default\">\n\t\t\t\t<div class=\"elementor-widget-container\">\n\t\t\t\t\t\t\t\t\t<p>Suntem bucuro\u0219i s\u0103 v\u0103 r\u0103spundem la \u00eentreb\u0103ri sau s\u0103 v\u0103 ajut\u0103m cu return\u0103rile. V\u0103 rug\u0103m s\u0103 completa\u021bi formularul de mai jos dac\u0103 ave\u021bi nevoie de asisten\u021b\u0103.<\/p>\t\t\t\t\t\t\t\t<\/div>\n\t\t\t\t<\/div>\n\t\t\t\t\t<\/div>\n\t\t\t\t<\/div>\n\t\t<div class=\"elementor-element elementor-element-62a5666 e-flex e-con-boxed e-con e-parent\" data-id=\"62a5666\" data-element_type=\"container\" data-e-type=\"container\">\n\t\t\t\t\t<div class=\"e-con-inner\">\n\t\t\t\t<div class=\"elementor-element elementor-element-042bedf elementor-widget elementor-widget-html\" data-id=\"042bedf\" data-element_type=\"widget\" data-e-type=\"widget\" data-widget_type=\"html.default\">\n\t\t\t\t<div class=\"elementor-widget-container\">\n\t\t\t\t\t<div class=\"my-b24-form\">\n  <script data-b24-form=\"inline\/23\/b5k27l\" data-skip-moving=\"true\">\n    (function(w,d,u){var s=d.createElement('script');s.async=true;s.src=u+'?'+(Date.now()\/180000|0);\n    var h=d.getElementsByTagName('script')[0];h.parentNode.insertBefore(s,h);\n    })(window,document,'https:\/\/cdn-ru.bitrix24.ru\/b34744470\/crm\/form\/loader_23.js');\n  <\/script>\n<\/div>\t\t\t\t<\/div>\n\t\t\t\t<\/div>\n\t\t\t\t\t<\/div>\n\t\t\t\t<\/div>\n\t\t<div class=\"elementor-element elementor-element-72fa121 e-flex e-con-boxed e-con e-parent\" data-id=\"72fa121\" data-element_type=\"container\" data-e-type=\"container\">\n\t\t\t\t\t<div class=\"e-con-inner\">\n\t\t\t\t<div class=\"elementor-element elementor-element-a68f7ac elementor-widget elementor-widget-google_maps\" data-id=\"a68f7ac\" data-element_type=\"widget\" data-e-type=\"widget\" data-widget_type=\"google_maps.default\">\n\t\t\t\t<div class=\"elementor-widget-container\">\n\t\t\t\t\t\t\t<div class=\"elementor-custom-embed\">\n\t\t\t<iframe loading=\"lazy\"\n\t\t\t\t\tsrc=\"https:\/\/maps.google.com\/maps?q=Calea%20Iesilor%2C%2059%2F2%2C%20MD-2069%2C%20%D0%9A%D0%B8%D1%88%D0%B8%D0%BD%D0%B5%D0%B2%2C%20%D0%9C%D0%BE%D0%BB%D0%B4%D0%BE%D0%B2%D0%B0&#038;t=m&#038;z=10&#038;output=embed&#038;iwloc=near\"\n\t\t\t\t\ttitle=\"Calea Iesilor, 59\/2, MD-2069, \u041a\u0438\u0448\u0438\u043d\u0435\u0432, \u041c\u043e\u043b\u0434\u043e\u0432\u0430\"\n\t\t\t\t\taria-label=\"Calea Iesilor, 59\/2, MD-2069, \u041a\u0438\u0448\u0438\u043d\u0435\u0432, \u041c\u043e\u043b\u0434\u043e\u0432\u0430\"\n\t\t\t><\/iframe>\n\t\t<\/div>\n\t\t\t\t\t\t<\/div>\n\t\t\t\t<\/div>\n\t\t\t\t\t<\/div>\n\t\t\t\t<\/div>\n\t\t\t\t<\/div>\n\t\t","protected":false},"excerpt":{"rendered":"<p>We\u2019re here for you for expert assistance when you need it most.<\/p>\n","protected":false},"author":4,"featured_media":989094,"parent":0,"menu_order":0,"comment_status":"closed","ping_status":"closed","template":"","meta":{"footnotes":""},"class_list":["post-1615","page","type-page","status-publish","has-post-thumbnail","hentry"],"yoast_head":"<!-- This site is optimized with the Yoast SEO Premium plugin v24.7 (Yoast SEO v26.9) - https:\/\/yoast.com\/product\/yoast-seo-premium-wordpress\/ -->\n<title>Contact Us<\/title>\n<meta name=\"description\" content=\"We\u2019re here for you for expert assistance when you need it most.\" \/>\n<meta name=\"robots\" content=\"index, follow, max-snippet:-1, max-image-preview:large, max-video-preview:-1\" \/>\n<link rel=\"canonical\" href=\"http:\/\/We\u2019re%20here%20for%20you%20for%20expert%20assistance%20when%20you%20need%20it%20most.\" \/>\n<meta property=\"og:locale\" content=\"en_US\" \/>\n<meta property=\"og:type\" content=\"article\" \/>\n<meta property=\"og:title\" content=\"Contact Us\" \/>\n<meta property=\"og:description\" content=\"We\u2019re here for you for expert assistance when you need it most.\" \/>\n<meta property=\"og:url\" content=\"https:\/\/mobila.md\/en\/contact-us\/\" \/>\n<meta property=\"og:site_name\" content=\"ERGOLEMN\" \/>\n<meta property=\"article:publisher\" content=\"https:\/\/www.facebook.com\/ergolemn?locale=ru_RU\" \/>\n<meta property=\"article:modified_time\" content=\"2025-09-20T13:31:11+00:00\" \/>\n<meta property=\"og:image\" content=\"https:\/\/mlob4660sih2.i.optimole.com\/cb:hB7A.2a1\/w:auto\/h:auto\/q:mauto\/f:best\/https:\/\/mobila.md\/wp-content\/uploads\/2024\/04\/jean-philippe-delberghe-T5BF4OyQLwU-unsplash-1-3.jpg\" \/>\n\t<meta property=\"og:image:width\" content=\"1880\" \/>\n\t<meta property=\"og:image:height\" content=\"580\" \/>\n\t<meta property=\"og:image:type\" content=\"image\/jpeg\" \/>\n<meta name=\"twitter:card\" content=\"summary_large_image\" \/>\n<meta name=\"twitter:label1\" content=\"Est. reading time\" \/>\n\t<meta name=\"twitter:data1\" content=\"1 minute\" \/>\n<script type=\"application\/ld+json\" class=\"yoast-schema-graph\">{\"@context\":\"https:\/\/schema.org\",\"@graph\":[{\"@type\":\"WebPage\",\"@id\":\"https:\/\/mobila.md\/en\/contact-us\/\",\"url\":\"https:\/\/mobila.md\/en\/contact-us\/\",\"name\":\"Contact Us - ERGOLEMN\",\"isPartOf\":{\"@id\":\"https:\/\/mobila.md\/#website\"},\"primaryImageOfPage\":{\"@id\":\"https:\/\/mobila.md\/en\/contact-us\/#primaryimage\"},\"image\":{\"@id\":\"https:\/\/mobila.md\/en\/contact-us\/#primaryimage\"},\"thumbnailUrl\":\"https:\/\/mlob4660sih2.i.optimole.com\/cb:hB7A.2a1\/w:auto\/h:auto\/q:mauto\/f:best\/https:\/\/mobila.md\/wp-content\/uploads\/2024\/04\/jean-philippe-delberghe-T5BF4OyQLwU-unsplash-1-3.jpg\",\"datePublished\":\"2024-04-08T10:32:02+00:00\",\"dateModified\":\"2025-09-20T13:31:11+00:00\",\"breadcrumb\":{\"@id\":\"https:\/\/mobila.md\/en\/contact-us\/#breadcrumb\"},\"inLanguage\":\"en-US\",\"potentialAction\":[{\"@type\":\"ReadAction\",\"target\":[\"https:\/\/mobila.md\/en\/contact-us\/\"]}]},{\"@type\":\"ImageObject\",\"inLanguage\":\"en-US\",\"@id\":\"https:\/\/mobila.md\/en\/contact-us\/#primaryimage\",\"url\":\"https:\/\/mlob4660sih2.i.optimole.com\/cb:hB7A.2a1\/w:auto\/h:auto\/q:mauto\/f:best\/https:\/\/mobila.md\/wp-content\/uploads\/2024\/04\/jean-philippe-delberghe-T5BF4OyQLwU-unsplash-1-3.jpg\",\"contentUrl\":\"https:\/\/mlob4660sih2.i.optimole.com\/cb:hB7A.2a1\/w:auto\/h:auto\/q:mauto\/f:best\/https:\/\/mobila.md\/wp-content\/uploads\/2024\/04\/jean-philippe-delberghe-T5BF4OyQLwU-unsplash-1-3.jpg\",\"width\":1880,\"height\":580},{\"@type\":\"BreadcrumbList\",\"@id\":\"https:\/\/mobila.md\/en\/contact-us\/#breadcrumb\",\"itemListElement\":[{\"@type\":\"ListItem\",\"position\":1,\"name\":\"Home\",\"item\":\"https:\/\/mobila.md\/\"},{\"@type\":\"ListItem\",\"position\":2,\"name\":\"Contact Us\"}]},{\"@type\":\"WebSite\",\"@id\":\"https:\/\/mobila.md\/en\/#website\",\"url\":\"https:\/\/mobila.md\/en\/\",\"name\":\"ERGOLEMN\",\"description\":\"\",\"publisher\":{\"@id\":\"https:\/\/mobila.md\/en\/#organization\"},\"potentialAction\":[{\"@type\":\"SearchAction\",\"target\":{\"@type\":\"EntryPoint\",\"urlTemplate\":\"https:\/\/mobila.md\/en\/?s={search_term_string}\"},\"query-input\":{\"@type\":\"PropertyValueSpecification\",\"valueRequired\":true,\"valueName\":\"search_term_string\"}}],\"inLanguage\":\"en-US\"},{\"@type\":\"Organization\",\"@id\":\"https:\/\/mobila.md\/en\/#organization\",\"name\":\"ERGOLEMN SRL\",\"url\":\"https:\/\/mobila.md\/en\/\",\"logo\":{\"@type\":\"ImageObject\",\"inLanguage\":\"en-US\",\"@id\":\"https:\/\/mobila.md\/en\/#\/schema\/logo\/image\/\",\"url\":\"https:\/\/mlob4660sih2.i.optimole.com\/cb:hB7A.2a1\/w:auto\/h:auto\/q:mauto\/f:best\/https:\/\/mobila.md\/wp-content\/uploads\/2024\/03\/logo-ergolemn-site-1.png\",\"contentUrl\":\"https:\/\/mlob4660sih2.i.optimole.com\/cb:hB7A.2a1\/w:auto\/h:auto\/q:mauto\/f:best\/https:\/\/mobila.md\/wp-content\/uploads\/2024\/03\/logo-ergolemn-site-1.png\",\"width\":350,\"height\":100,\"caption\":\"ERGOLEMN SRL\"},\"image\":{\"@id\":\"https:\/\/mobila.md\/en\/#\/schema\/logo\/image\/\"},\"sameAs\":[\"https:\/\/www.facebook.com\/ergolemn?locale=ru_RU\",\"https:\/\/www.instagram.com\/ergolemnmoldova\/\"]}]}<\/script>\n<!-- \/ Yoast SEO Premium plugin. -->","yoast_head_json":{"title":"Contact Us","description":"We\u2019re here for you for expert assistance when you need it most.","robots":{"index":"index","follow":"follow","max-snippet":"max-snippet:-1","max-image-preview":"max-image-preview:large","max-video-preview":"max-video-preview:-1"},"canonical":"We\u2019re here for you for expert assistance when you need it most.","og_locale":"en_US","og_type":"article","og_title":"Contact Us","og_description":"We\u2019re here for you for expert assistance when you need it most.","og_url":"https:\/\/mobila.md\/en\/contact-us\/","og_site_name":"ERGOLEMN","article_publisher":"https:\/\/www.facebook.com\/ergolemn?locale=ru_RU","article_modified_time":"2025-09-20T13:31:11+00:00","og_image":[{"width":1880,"height":580,"url":"https:\/\/mlob4660sih2.i.optimole.com\/cb:hB7A.2a1\/w:auto\/h:auto\/q:mauto\/f:best\/https:\/\/mobila.md\/wp-content\/uploads\/2024\/04\/jean-philippe-delberghe-T5BF4OyQLwU-unsplash-1-3.jpg","type":"image\/jpeg"}],"twitter_card":"summary_large_image","twitter_misc":{"Est. reading time":"1 minute"},"schema":{"@context":"https:\/\/schema.org","@graph":[{"@type":"WebPage","@id":"https:\/\/mobila.md\/en\/contact-us\/","url":"https:\/\/mobila.md\/en\/contact-us\/","name":"Contact Us - ERGOLEMN","isPartOf":{"@id":"https:\/\/mobila.md\/#website"},"primaryImageOfPage":{"@id":"https:\/\/mobila.md\/en\/contact-us\/#primaryimage"},"image":{"@id":"https:\/\/mobila.md\/en\/contact-us\/#primaryimage"},"thumbnailUrl":"https:\/\/mlob4660sih2.i.optimole.com\/cb:hB7A.2a1\/w:auto\/h:auto\/q:mauto\/f:best\/https:\/\/mobila.md\/wp-content\/uploads\/2024\/04\/jean-philippe-delberghe-T5BF4OyQLwU-unsplash-1-3.jpg","datePublished":"2024-04-08T10:32:02+00:00","dateModified":"2025-09-20T13:31:11+00:00","breadcrumb":{"@id":"https:\/\/mobila.md\/en\/contact-us\/#breadcrumb"},"inLanguage":"en-US","potentialAction":[{"@type":"ReadAction","target":["https:\/\/mobila.md\/en\/contact-us\/"]}]},{"@type":"ImageObject","inLanguage":"en-US","@id":"https:\/\/mobila.md\/en\/contact-us\/#primaryimage","url":"https:\/\/mlob4660sih2.i.optimole.com\/cb:hB7A.2a1\/w:auto\/h:auto\/q:mauto\/f:best\/https:\/\/mobila.md\/wp-content\/uploads\/2024\/04\/jean-philippe-delberghe-T5BF4OyQLwU-unsplash-1-3.jpg","contentUrl":"https:\/\/mlob4660sih2.i.optimole.com\/cb:hB7A.2a1\/w:auto\/h:auto\/q:mauto\/f:best\/https:\/\/mobila.md\/wp-content\/uploads\/2024\/04\/jean-philippe-delberghe-T5BF4OyQLwU-unsplash-1-3.jpg","width":1880,"height":580},{"@type":"BreadcrumbList","@id":"https:\/\/mobila.md\/en\/contact-us\/#breadcrumb","itemListElement":[{"@type":"ListItem","position":1,"name":"Home","item":"https:\/\/mobila.md\/"},{"@type":"ListItem","position":2,"name":"Contact Us"}]},{"@type":"WebSite","@id":"https:\/\/mobila.md\/en\/#website","url":"https:\/\/mobila.md\/en\/","name":"ERGOLEMN","description":"","publisher":{"@id":"https:\/\/mobila.md\/en\/#organization"},"potentialAction":[{"@type":"SearchAction","target":{"@type":"EntryPoint","urlTemplate":"https:\/\/mobila.md\/en\/?s={search_term_string}"},"query-input":{"@type":"PropertyValueSpecification","valueRequired":true,"valueName":"search_term_string"}}],"inLanguage":"en-US"},{"@type":"Organization","@id":"https:\/\/mobila.md\/en\/#organization","name":"ERGOLEMN SRL","url":"https:\/\/mobila.md\/en\/","logo":{"@type":"ImageObject","inLanguage":"en-US","@id":"https:\/\/mobila.md\/en\/#\/schema\/logo\/image\/","url":"https:\/\/mlob4660sih2.i.optimole.com\/cb:hB7A.2a1\/w:auto\/h:auto\/q:mauto\/f:best\/https:\/\/mobila.md\/wp-content\/uploads\/2024\/03\/logo-ergolemn-site-1.png","contentUrl":"https:\/\/mlob4660sih2.i.optimole.com\/cb:hB7A.2a1\/w:auto\/h:auto\/q:mauto\/f:best\/https:\/\/mobila.md\/wp-content\/uploads\/2024\/03\/logo-ergolemn-site-1.png","width":350,"height":100,"caption":"ERGOLEMN SRL"},"image":{"@id":"https:\/\/mobila.md\/en\/#\/schema\/logo\/image\/"},"sameAs":["https:\/\/www.facebook.com\/ergolemn?locale=ru_RU","https:\/\/www.instagram.com\/ergolemnmoldova\/"]}]}},"_links":{"self":[{"href":"https:\/\/mobila.md\/en\/wp-json\/wp\/v2\/pages\/1615","targetHints":{"allow":["GET"]}}],"collection":[{"href":"https:\/\/mobila.md\/en\/wp-json\/wp\/v2\/pages"}],"about":[{"href":"https:\/\/mobila.md\/en\/wp-json\/wp\/v2\/types\/page"}],"author":[{"embeddable":true,"href":"https:\/\/mobila.md\/en\/wp-json\/wp\/v2\/users\/4"}],"replies":[{"embeddable":true,"href":"https:\/\/mobila.md\/en\/wp-json\/wp\/v2\/comments?post=1615"}],"version-history":[{"count":60,"href":"https:\/\/mobila.md\/en\/wp-json\/wp\/v2\/pages\/1615\/revisions"}],"predecessor-version":[{"id":990481,"href":"https:\/\/mobila.md\/en\/wp-json\/wp\/v2\/pages\/1615\/revisions\/990481"}],"wp:featuredmedia":[{"embeddable":true,"href":"https:\/\/mobila.md\/en\/wp-json\/wp\/v2\/media\/989094"}],"wp:attachment":[{"href":"https:\/\/mobila.md\/en\/wp-json\/wp\/v2\/media?parent=1615"}],"curies":[{"name":"wp","href":"https:\/\/api.w.org\/{rel}","templated":true}]}}